{"id":2056,"date":"2021-08-04T17:10:48","date_gmt":"2021-08-04T15:10:48","guid":{"rendered":"https:\/\/noeliebroglie.ch\/?post_type=product&#038;p=2056"},"modified":"2023-10-27T10:01:53","modified_gmt":"2023-10-27T08:01:53","slug":"enveloppes-pastel","status":"publish","type":"product","link":"https:\/\/noeliebroglie.ch\/de\/produkt\/enveloppes-pastel\/","title":{"rendered":"9 pastellfarbene Briefumschl\u00e4ge"},"content":{"rendered":"<p>Set aus 9 pastellfarbenen Briefumschl\u00e4gen: Weiss, Pastellgelb, Pastellorange, Pastellrosa, \nViolett-blau pastell, Himmelblau, T\u00fcrkis, Pastellgr\u00fcn, Gr\u00fcn-gelb pastell.<\/p>\n<p>Enveloppes faites avec du papier kraft, de la peinture acrylique et du spray effet marbr\u00e9. Le d\u00e9coupage se fait \u00e0 l&rsquo;aide de ciseaux et chaque pi\u00e8ce est coll\u00e9e \u00e0 la colle blanche. Chaque enveloppe est ainsi une pi\u00e8ce unique enti\u00e8rement r\u00e9alis\u00e9e \u00e0 la main.<\/p>","protected":false},"excerpt":{"rendered":"<p>Set aus 9 vollst\u00e4ndig von Hand gefertigten pastellfarbenen Briefumschl\u00e4gen.<\/p>\n<p>Weiss, Pastellgelb, Pastellorange, Pastellrosa, \nViolett-blau pastell, Himmelblau, T\u00fcrkis, Pastellgr\u00fcn, Gr\u00fcn-gelb pastell.<\/p>","protected":false},"featured_media":3202,"template":"","meta":{"_et_pb_use_builder":"","_et_pb_old_content":"","_et_gb_content_width":""},"product_brand":[],"product_cat":[46],"product_tag":[],"class_list":{"0":"post-2056","1":"product","2":"type-product","3":"status-publish","4":"has-post-thumbnail","6":"product_cat-enveloppes","8":"first","9":"instock","10":"shipping-taxable","11":"purchasable","12":"product-type-simple"},"yoast_head":"<!-- This site is optimized with the Yoast SEO plugin v26.9 - https:\/\/yoast.com\/product\/yoast-seo-wordpress\/ -->\n<title>9 enveloppes pastel - noeliebroglie.ch<\/title>\n<meta name=\"robots\" content=\"index, follow, max-snippet:-1, max-image-preview:large, max-video-preview:-1\" \/>\n<link rel=\"canonical\" href=\"https:\/\/noeliebroglie.ch\/de\/produkt\/enveloppes-pastel\/\" \/>\n<meta property=\"og:locale\" content=\"de_DE\" \/>\n<meta property=\"og:type\" content=\"article\" \/>\n<meta property=\"og:title\" content=\"9 enveloppes pastel - noeliebroglie.ch\" \/>\n<meta property=\"og:description\" content=\"Set de 9 enveloppes couleurs pastel r\u00e9alis\u00e9es enti\u00e8rement \u00e0 la main.  Blanc, jaune pastel, orange pastel, rose pastel, violet-bleu pastel, bleu ciel, turquoise, vert pastel, vert-jaune pastel.\" \/>\n<meta property=\"og:url\" content=\"https:\/\/noeliebroglie.ch\/de\/produkt\/enveloppes-pastel\/\" \/>\n<meta property=\"og:site_name\" content=\"noeliebroglie.ch\" \/>\n<meta property=\"article:modified_time\" content=\"2023-10-27T08:01:53+00:00\" \/>\n<meta property=\"og:image\" content=\"https:\/\/noeliebroglie.ch\/wp-content\/uploads\/2021\/08\/Enveloppes-39-scaled.jpg\" \/>\n\t<meta property=\"og:image:width\" content=\"2560\" \/>\n\t<meta property=\"og:image:height\" content=\"2046\" \/>\n\t<meta property=\"og:image:type\" content=\"image\/jpeg\" \/>\n<meta name=\"twitter:card\" content=\"summary_large_image\" \/>\n<meta name=\"twitter:label1\" content=\"Gesch\u00e4tzte Lesezeit\" \/>\n\t<meta name=\"twitter:data1\" content=\"1\u00a0Minute\" \/>\n<script type=\"application\/ld+json\" class=\"yoast-schema-graph\">{\"@context\":\"https:\/\/schema.org\",\"@graph\":[{\"@type\":\"WebPage\",\"@id\":\"https:\/\/noeliebroglie.ch\/produit\/enveloppes-pastel\/\",\"url\":\"https:\/\/noeliebroglie.ch\/produit\/enveloppes-pastel\/\",\"name\":\"9 enveloppes pastel - noeliebroglie.ch\",\"isPartOf\":{\"@id\":\"https:\/\/noeliebroglie.ch\/#website\"},\"primaryImageOfPage\":{\"@id\":\"https:\/\/noeliebroglie.ch\/produit\/enveloppes-pastel\/#primaryimage\"},\"image\":{\"@id\":\"https:\/\/noeliebroglie.ch\/produit\/enveloppes-pastel\/#primaryimage\"},\"thumbnailUrl\":\"https:\/\/noeliebroglie.ch\/wp-content\/uploads\/2021\/08\/Enveloppes-39-scaled.jpg\",\"datePublished\":\"2021-08-04T15:10:48+00:00\",\"dateModified\":\"2023-10-27T08:01:53+00:00\",\"breadcrumb\":{\"@id\":\"https:\/\/noeliebroglie.ch\/produit\/enveloppes-pastel\/#breadcrumb\"},\"inLanguage\":\"de\",\"potentialAction\":[{\"@type\":\"ReadAction\",\"target\":[\"https:\/\/noeliebroglie.ch\/produit\/enveloppes-pastel\/\"]}]},{\"@type\":\"ImageObject\",\"inLanguage\":\"de\",\"@id\":\"https:\/\/noeliebroglie.ch\/produit\/enveloppes-pastel\/#primaryimage\",\"url\":\"https:\/\/noeliebroglie.ch\/wp-content\/uploads\/2021\/08\/Enveloppes-39-scaled.jpg\",\"contentUrl\":\"https:\/\/noeliebroglie.ch\/wp-content\/uploads\/2021\/08\/Enveloppes-39-scaled.jpg\",\"width\":2560,\"height\":2046},{\"@type\":\"BreadcrumbList\",\"@id\":\"https:\/\/noeliebroglie.ch\/produit\/enveloppes-pastel\/#breadcrumb\",\"itemListElement\":[{\"@type\":\"ListItem\",\"position\":1,\"name\":\"Accueil\",\"item\":\"https:\/\/noeliebroglie.ch\/\"},{\"@type\":\"ListItem\",\"position\":2,\"name\":\"Boutique\",\"item\":\"https:\/\/noeliebroglie.ch\/boutique\/\"},{\"@type\":\"ListItem\",\"position\":3,\"name\":\"9 enveloppes pastel\"}]},{\"@type\":\"WebSite\",\"@id\":\"https:\/\/noeliebroglie.ch\/#website\",\"url\":\"https:\/\/noeliebroglie.ch\/\",\"name\":\"noeliebroglie.ch\",\"description\":\"\",\"publisher\":{\"@id\":\"https:\/\/noeliebroglie.ch\/#\/schema\/person\/45ea2673345ef104556f33cfdbe8788d\"},\"potentialAction\":[{\"@type\":\"SearchAction\",\"target\":{\"@type\":\"EntryPoint\",\"urlTemplate\":\"https:\/\/noeliebroglie.ch\/?s={search_term_string}\"},\"query-input\":{\"@type\":\"PropertyValueSpecification\",\"valueRequired\":true,\"valueName\":\"search_term_string\"}}],\"inLanguage\":\"de\"},{\"@type\":[\"Person\",\"Organization\"],\"@id\":\"https:\/\/noeliebroglie.ch\/#\/schema\/person\/45ea2673345ef104556f33cfdbe8788d\",\"name\":\"No\u00e9lie Broglie\",\"image\":{\"@type\":\"ImageObject\",\"inLanguage\":\"de\",\"@id\":\"https:\/\/noeliebroglie.ch\/#\/schema\/person\/image\/\",\"url\":\"https:\/\/noeliebroglie.ch\/wp-content\/uploads\/2021\/03\/0Logo-nb-couleurs-sans-bord.jpeg\",\"contentUrl\":\"https:\/\/noeliebroglie.ch\/wp-content\/uploads\/2021\/03\/0Logo-nb-couleurs-sans-bord.jpeg\",\"width\":653,\"height\":661,\"caption\":\"No\u00e9lie Broglie\"},\"logo\":{\"@id\":\"https:\/\/noeliebroglie.ch\/#\/schema\/person\/image\/\"},\"sameAs\":[\"http:\/\/bl1pragmeq.preview.infomaniak.website\"]}]}<\/script>\n<!-- \/ Yoast SEO plugin. -->","yoast_head_json":{"title":"9 enveloppes pastel - noeliebroglie.ch","robots":{"index":"index","follow":"follow","max-snippet":"max-snippet:-1","max-image-preview":"max-image-preview:large","max-video-preview":"max-video-preview:-1"},"canonical":"https:\/\/noeliebroglie.ch\/de\/produkt\/enveloppes-pastel\/","og_locale":"de_DE","og_type":"article","og_title":"9 enveloppes pastel - noeliebroglie.ch","og_description":"Set de 9 enveloppes couleurs pastel r\u00e9alis\u00e9es enti\u00e8rement \u00e0 la main.  Blanc, jaune pastel, orange pastel, rose pastel, violet-bleu pastel, bleu ciel, turquoise, vert pastel, vert-jaune pastel.","og_url":"https:\/\/noeliebroglie.ch\/de\/produkt\/enveloppes-pastel\/","og_site_name":"noeliebroglie.ch","article_modified_time":"2023-10-27T08:01:53+00:00","og_image":[{"width":2560,"height":2046,"url":"https:\/\/noeliebroglie.ch\/wp-content\/uploads\/2021\/08\/Enveloppes-39-scaled.jpg","type":"image\/jpeg"}],"twitter_card":"summary_large_image","twitter_misc":{"Gesch\u00e4tzte Lesezeit":"1\u00a0Minute"},"schema":{"@context":"https:\/\/schema.org","@graph":[{"@type":"WebPage","@id":"https:\/\/noeliebroglie.ch\/produit\/enveloppes-pastel\/","url":"https:\/\/noeliebroglie.ch\/produit\/enveloppes-pastel\/","name":"9 enveloppes pastel - noeliebroglie.ch","isPartOf":{"@id":"https:\/\/noeliebroglie.ch\/#website"},"primaryImageOfPage":{"@id":"https:\/\/noeliebroglie.ch\/produit\/enveloppes-pastel\/#primaryimage"},"image":{"@id":"https:\/\/noeliebroglie.ch\/produit\/enveloppes-pastel\/#primaryimage"},"thumbnailUrl":"https:\/\/noeliebroglie.ch\/wp-content\/uploads\/2021\/08\/Enveloppes-39-scaled.jpg","datePublished":"2021-08-04T15:10:48+00:00","dateModified":"2023-10-27T08:01:53+00:00","breadcrumb":{"@id":"https:\/\/noeliebroglie.ch\/produit\/enveloppes-pastel\/#breadcrumb"},"inLanguage":"de","potentialAction":[{"@type":"ReadAction","target":["https:\/\/noeliebroglie.ch\/produit\/enveloppes-pastel\/"]}]},{"@type":"ImageObject","inLanguage":"de","@id":"https:\/\/noeliebroglie.ch\/produit\/enveloppes-pastel\/#primaryimage","url":"https:\/\/noeliebroglie.ch\/wp-content\/uploads\/2021\/08\/Enveloppes-39-scaled.jpg","contentUrl":"https:\/\/noeliebroglie.ch\/wp-content\/uploads\/2021\/08\/Enveloppes-39-scaled.jpg","width":2560,"height":2046},{"@type":"BreadcrumbList","@id":"https:\/\/noeliebroglie.ch\/produit\/enveloppes-pastel\/#breadcrumb","itemListElement":[{"@type":"ListItem","position":1,"name":"Accueil","item":"https:\/\/noeliebroglie.ch\/"},{"@type":"ListItem","position":2,"name":"Boutique","item":"https:\/\/noeliebroglie.ch\/boutique\/"},{"@type":"ListItem","position":3,"name":"9 enveloppes pastel"}]},{"@type":"WebSite","@id":"https:\/\/noeliebroglie.ch\/#website","url":"https:\/\/noeliebroglie.ch\/","name":"noeliebroglie.ch","description":"","publisher":{"@id":"https:\/\/noeliebroglie.ch\/#\/schema\/person\/45ea2673345ef104556f33cfdbe8788d"},"potentialAction":[{"@type":"SearchAction","target":{"@type":"EntryPoint","urlTemplate":"https:\/\/noeliebroglie.ch\/?s={search_term_string}"},"query-input":{"@type":"PropertyValueSpecification","valueRequired":true,"valueName":"search_term_string"}}],"inLanguage":"de"},{"@type":["Person","Organization"],"@id":"https:\/\/noeliebroglie.ch\/#\/schema\/person\/45ea2673345ef104556f33cfdbe8788d","name":"No\u00e9lie Broglie","image":{"@type":"ImageObject","inLanguage":"de","@id":"https:\/\/noeliebroglie.ch\/#\/schema\/person\/image\/","url":"https:\/\/noeliebroglie.ch\/wp-content\/uploads\/2021\/03\/0Logo-nb-couleurs-sans-bord.jpeg","contentUrl":"https:\/\/noeliebroglie.ch\/wp-content\/uploads\/2021\/03\/0Logo-nb-couleurs-sans-bord.jpeg","width":653,"height":661,"caption":"No\u00e9lie Broglie"},"logo":{"@id":"https:\/\/noeliebroglie.ch\/#\/schema\/person\/image\/"},"sameAs":["http:\/\/bl1pragmeq.preview.infomaniak.website"]}]}},"_links":{"self":[{"href":"https:\/\/noeliebroglie.ch\/de\/wp-json\/wp\/v2\/product\/2056","targetHints":{"allow":["GET"]}}],"collection":[{"href":"https:\/\/noeliebroglie.ch\/de\/wp-json\/wp\/v2\/product"}],"about":[{"href":"https:\/\/noeliebroglie.ch\/de\/wp-json\/wp\/v2\/types\/product"}],"wp:featuredmedia":[{"embeddable":true,"href":"https:\/\/noeliebroglie.ch\/de\/wp-json\/wp\/v2\/media\/3202"}],"wp:attachment":[{"href":"https:\/\/noeliebroglie.ch\/de\/wp-json\/wp\/v2\/media?parent=2056"}],"wp:term":[{"taxonomy":"product_brand","embeddable":true,"href":"https:\/\/noeliebroglie.ch\/de\/wp-json\/wp\/v2\/product_brand?post=2056"},{"taxonomy":"product_cat","embeddable":true,"href":"https:\/\/noeliebroglie.ch\/de\/wp-json\/wp\/v2\/product_cat?post=2056"},{"taxonomy":"product_tag","embeddable":true,"href":"https:\/\/noeliebroglie.ch\/de\/wp-json\/wp\/v2\/product_tag?post=2056"}],"curies":[{"name":"wp","href":"https:\/\/api.w.org\/{rel}","templated":true}]}}