{"id":2060,"date":"2021-08-04T17:54:55","date_gmt":"2021-08-04T15:54:55","guid":{"rendered":"https:\/\/noeliebroglie.ch\/?post_type=product&#038;p=2060"},"modified":"2022-05-25T16:13:45","modified_gmt":"2022-05-25T14:13:45","slug":"terre-de-feu","status":"publish","type":"product","link":"https:\/\/noeliebroglie.ch\/de\/produkt\/terre-de-feu\/","title":{"rendered":"Terre de feu"},"content":{"rendered":"<p>Du mastic a \u00e9t\u00e9 utilis\u00e9 pour amener de la structure au tableau. Il a ensuite \u00e9t\u00e9 recouvert avec de la peinture acrylique. Du charbon a \u00e9t\u00e9 utilis\u00e9 pour l&rsquo;\u00e9criture et les finitions. Le tableau est puissant par ses contrastes.<\/p>\n<p>Dimensionen: 50\u00d750 cm<br \/>\nGewicht: 0.9 kg<\/p>\n<p><em>Titel\u00fcbersetzung: Feuerland<\/em><\/p>","protected":false},"excerpt":{"rendered":"<p>Mit Acrylfarbe hergestelltes Bild.<br \/>\nDimensionen: 50\u00d750 cm<\/p>","protected":false},"featured_media":2686,"template":"","meta":{"_et_pb_use_builder":"","_et_pb_old_content":"","_et_gb_content_width":""},"product_brand":[],"product_cat":[48,52],"product_tag":[],"class_list":{"0":"post-2060","1":"product","2":"type-product","3":"status-publish","4":"has-post-thumbnail","6":"product_cat-tableaux","7":"product_cat-autres","9":"first","10":"instock","11":"sold-individually","12":"shipping-taxable","13":"purchasable","14":"product-type-simple"},"yoast_head":"<!-- This site is optimized with the Yoast SEO plugin v26.9 - https:\/\/yoast.com\/product\/yoast-seo-wordpress\/ -->\n<title>Terre de feu - noeliebroglie.ch<\/title>\n<meta name=\"robots\" content=\"index, follow, max-snippet:-1, max-image-preview:large, max-video-preview:-1\" \/>\n<link rel=\"canonical\" href=\"https:\/\/noeliebroglie.ch\/de\/produkt\/terre-de-feu\/\" \/>\n<meta property=\"og:locale\" content=\"de_DE\" \/>\n<meta property=\"og:type\" content=\"article\" \/>\n<meta property=\"og:title\" content=\"Terre de feu - noeliebroglie.ch\" \/>\n<meta property=\"og:description\" content=\"Tableau r\u00e9alis\u00e9 avec de la peinture acrylique. Dimensions: 50x50 cm\" \/>\n<meta property=\"og:url\" content=\"https:\/\/noeliebroglie.ch\/de\/produkt\/terre-de-feu\/\" \/>\n<meta property=\"og:site_name\" content=\"noeliebroglie.ch\" \/>\n<meta property=\"article:modified_time\" content=\"2022-05-25T14:13:45+00:00\" \/>\n<meta property=\"og:image\" content=\"https:\/\/noeliebroglie.ch\/wp-content\/uploads\/2021\/08\/Tableau-1a-scaled-768x765.jpg\" \/>\n\t<meta property=\"og:image:width\" content=\"768\" \/>\n\t<meta property=\"og:image:height\" content=\"765\" \/>\n\t<meta property=\"og:image:type\" content=\"image\/jpeg\" \/>\n<meta name=\"twitter:card\" content=\"summary_large_image\" \/>\n<meta name=\"twitter:label1\" content=\"Gesch\u00e4tzte Lesezeit\" \/>\n\t<meta name=\"twitter:data1\" content=\"1\u00a0Minute\" \/>\n<script type=\"application\/ld+json\" class=\"yoast-schema-graph\">{\"@context\":\"https:\/\/schema.org\",\"@graph\":[{\"@type\":\"WebPage\",\"@id\":\"https:\/\/noeliebroglie.ch\/produit\/terre-de-feu\/\",\"url\":\"https:\/\/noeliebroglie.ch\/produit\/terre-de-feu\/\",\"name\":\"Terre de feu - noeliebroglie.ch\",\"isPartOf\":{\"@id\":\"https:\/\/noeliebroglie.ch\/#website\"},\"primaryImageOfPage\":{\"@id\":\"https:\/\/noeliebroglie.ch\/produit\/terre-de-feu\/#primaryimage\"},\"image\":{\"@id\":\"https:\/\/noeliebroglie.ch\/produit\/terre-de-feu\/#primaryimage\"},\"thumbnailUrl\":\"https:\/\/noeliebroglie.ch\/wp-content\/uploads\/2021\/08\/Tableau-1a-scaled.jpg\",\"datePublished\":\"2021-08-04T15:54:55+00:00\",\"dateModified\":\"2022-05-25T14:13:45+00:00\",\"breadcrumb\":{\"@id\":\"https:\/\/noeliebroglie.ch\/produit\/terre-de-feu\/#breadcrumb\"},\"inLanguage\":\"de\",\"potentialAction\":[{\"@type\":\"ReadAction\",\"target\":[\"https:\/\/noeliebroglie.ch\/produit\/terre-de-feu\/\"]}]},{\"@type\":\"ImageObject\",\"inLanguage\":\"de\",\"@id\":\"https:\/\/noeliebroglie.ch\/produit\/terre-de-feu\/#primaryimage\",\"url\":\"https:\/\/noeliebroglie.ch\/wp-content\/uploads\/2021\/08\/Tableau-1a-scaled.jpg\",\"contentUrl\":\"https:\/\/noeliebroglie.ch\/wp-content\/uploads\/2021\/08\/Tableau-1a-scaled.jpg\",\"width\":2560,\"height\":2551},{\"@type\":\"BreadcrumbList\",\"@id\":\"https:\/\/noeliebroglie.ch\/produit\/terre-de-feu\/#breadcrumb\",\"itemListElement\":[{\"@type\":\"ListItem\",\"position\":1,\"name\":\"Accueil\",\"item\":\"https:\/\/noeliebroglie.ch\/\"},{\"@type\":\"ListItem\",\"position\":2,\"name\":\"Boutique\",\"item\":\"https:\/\/noeliebroglie.ch\/boutique\/\"},{\"@type\":\"ListItem\",\"position\":3,\"name\":\"Terre de feu\"}]},{\"@type\":\"WebSite\",\"@id\":\"https:\/\/noeliebroglie.ch\/#website\",\"url\":\"https:\/\/noeliebroglie.ch\/\",\"name\":\"noeliebroglie.ch\",\"description\":\"\",\"publisher\":{\"@id\":\"https:\/\/noeliebroglie.ch\/#\/schema\/person\/45ea2673345ef104556f33cfdbe8788d\"},\"potentialAction\":[{\"@type\":\"SearchAction\",\"target\":{\"@type\":\"EntryPoint\",\"urlTemplate\":\"https:\/\/noeliebroglie.ch\/?s={search_term_string}\"},\"query-input\":{\"@type\":\"PropertyValueSpecification\",\"valueRequired\":true,\"valueName\":\"search_term_string\"}}],\"inLanguage\":\"de\"},{\"@type\":[\"Person\",\"Organization\"],\"@id\":\"https:\/\/noeliebroglie.ch\/#\/schema\/person\/45ea2673345ef104556f33cfdbe8788d\",\"name\":\"No\u00e9lie Broglie\",\"image\":{\"@type\":\"ImageObject\",\"inLanguage\":\"de\",\"@id\":\"https:\/\/noeliebroglie.ch\/#\/schema\/person\/image\/\",\"url\":\"https:\/\/noeliebroglie.ch\/wp-content\/uploads\/2021\/03\/0Logo-nb-couleurs-sans-bord.jpeg\",\"contentUrl\":\"https:\/\/noeliebroglie.ch\/wp-content\/uploads\/2021\/03\/0Logo-nb-couleurs-sans-bord.jpeg\",\"width\":653,\"height\":661,\"caption\":\"No\u00e9lie Broglie\"},\"logo\":{\"@id\":\"https:\/\/noeliebroglie.ch\/#\/schema\/person\/image\/\"},\"sameAs\":[\"http:\/\/bl1pragmeq.preview.infomaniak.website\"]}]}<\/script>\n<!-- \/ Yoast SEO plugin. -->","yoast_head_json":{"title":"Terre de feu - noeliebroglie.ch","robots":{"index":"index","follow":"follow","max-snippet":"max-snippet:-1","max-image-preview":"max-image-preview:large","max-video-preview":"max-video-preview:-1"},"canonical":"https:\/\/noeliebroglie.ch\/de\/produkt\/terre-de-feu\/","og_locale":"de_DE","og_type":"article","og_title":"Terre de feu - noeliebroglie.ch","og_description":"Tableau r\u00e9alis\u00e9 avec de la peinture acrylique. Dimensions: 50x50 cm","og_url":"https:\/\/noeliebroglie.ch\/de\/produkt\/terre-de-feu\/","og_site_name":"noeliebroglie.ch","article_modified_time":"2022-05-25T14:13:45+00:00","og_image":[{"width":768,"height":765,"url":"https:\/\/noeliebroglie.ch\/wp-content\/uploads\/2021\/08\/Tableau-1a-scaled-768x765.jpg","type":"image\/jpeg"}],"twitter_card":"summary_large_image","twitter_misc":{"Gesch\u00e4tzte Lesezeit":"1\u00a0Minute"},"schema":{"@context":"https:\/\/schema.org","@graph":[{"@type":"WebPage","@id":"https:\/\/noeliebroglie.ch\/produit\/terre-de-feu\/","url":"https:\/\/noeliebroglie.ch\/produit\/terre-de-feu\/","name":"Terre de feu - noeliebroglie.ch","isPartOf":{"@id":"https:\/\/noeliebroglie.ch\/#website"},"primaryImageOfPage":{"@id":"https:\/\/noeliebroglie.ch\/produit\/terre-de-feu\/#primaryimage"},"image":{"@id":"https:\/\/noeliebroglie.ch\/produit\/terre-de-feu\/#primaryimage"},"thumbnailUrl":"https:\/\/noeliebroglie.ch\/wp-content\/uploads\/2021\/08\/Tableau-1a-scaled.jpg","datePublished":"2021-08-04T15:54:55+00:00","dateModified":"2022-05-25T14:13:45+00:00","breadcrumb":{"@id":"https:\/\/noeliebroglie.ch\/produit\/terre-de-feu\/#breadcrumb"},"inLanguage":"de","potentialAction":[{"@type":"ReadAction","target":["https:\/\/noeliebroglie.ch\/produit\/terre-de-feu\/"]}]},{"@type":"ImageObject","inLanguage":"de","@id":"https:\/\/noeliebroglie.ch\/produit\/terre-de-feu\/#primaryimage","url":"https:\/\/noeliebroglie.ch\/wp-content\/uploads\/2021\/08\/Tableau-1a-scaled.jpg","contentUrl":"https:\/\/noeliebroglie.ch\/wp-content\/uploads\/2021\/08\/Tableau-1a-scaled.jpg","width":2560,"height":2551},{"@type":"BreadcrumbList","@id":"https:\/\/noeliebroglie.ch\/produit\/terre-de-feu\/#breadcrumb","itemListElement":[{"@type":"ListItem","position":1,"name":"Accueil","item":"https:\/\/noeliebroglie.ch\/"},{"@type":"ListItem","position":2,"name":"Boutique","item":"https:\/\/noeliebroglie.ch\/boutique\/"},{"@type":"ListItem","position":3,"name":"Terre de feu"}]},{"@type":"WebSite","@id":"https:\/\/noeliebroglie.ch\/#website","url":"https:\/\/noeliebroglie.ch\/","name":"noeliebroglie.ch","description":"","publisher":{"@id":"https:\/\/noeliebroglie.ch\/#\/schema\/person\/45ea2673345ef104556f33cfdbe8788d"},"potentialAction":[{"@type":"SearchAction","target":{"@type":"EntryPoint","urlTemplate":"https:\/\/noeliebroglie.ch\/?s={search_term_string}"},"query-input":{"@type":"PropertyValueSpecification","valueRequired":true,"valueName":"search_term_string"}}],"inLanguage":"de"},{"@type":["Person","Organization"],"@id":"https:\/\/noeliebroglie.ch\/#\/schema\/person\/45ea2673345ef104556f33cfdbe8788d","name":"No\u00e9lie Broglie","image":{"@type":"ImageObject","inLanguage":"de","@id":"https:\/\/noeliebroglie.ch\/#\/schema\/person\/image\/","url":"https:\/\/noeliebroglie.ch\/wp-content\/uploads\/2021\/03\/0Logo-nb-couleurs-sans-bord.jpeg","contentUrl":"https:\/\/noeliebroglie.ch\/wp-content\/uploads\/2021\/03\/0Logo-nb-couleurs-sans-bord.jpeg","width":653,"height":661,"caption":"No\u00e9lie Broglie"},"logo":{"@id":"https:\/\/noeliebroglie.ch\/#\/schema\/person\/image\/"},"sameAs":["http:\/\/bl1pragmeq.preview.infomaniak.website"]}]}},"_links":{"self":[{"href":"https:\/\/noeliebroglie.ch\/de\/wp-json\/wp\/v2\/product\/2060","targetHints":{"allow":["GET"]}}],"collection":[{"href":"https:\/\/noeliebroglie.ch\/de\/wp-json\/wp\/v2\/product"}],"about":[{"href":"https:\/\/noeliebroglie.ch\/de\/wp-json\/wp\/v2\/types\/product"}],"wp:featuredmedia":[{"embeddable":true,"href":"https:\/\/noeliebroglie.ch\/de\/wp-json\/wp\/v2\/media\/2686"}],"wp:attachment":[{"href":"https:\/\/noeliebroglie.ch\/de\/wp-json\/wp\/v2\/media?parent=2060"}],"wp:term":[{"taxonomy":"product_brand","embeddable":true,"href":"https:\/\/noeliebroglie.ch\/de\/wp-json\/wp\/v2\/product_brand?post=2060"},{"taxonomy":"product_cat","embeddable":true,"href":"https:\/\/noeliebroglie.ch\/de\/wp-json\/wp\/v2\/product_cat?post=2060"},{"taxonomy":"product_tag","embeddable":true,"href":"https:\/\/noeliebroglie.ch\/de\/wp-json\/wp\/v2\/product_tag?post=2060"}],"curies":[{"name":"wp","href":"https:\/\/api.w.org\/{rel}","templated":true}]}}