{"id":2074,"date":"2021-08-18T19:15:16","date_gmt":"2021-08-18T17:15:16","guid":{"rendered":"https:\/\/noeliebroglie.ch\/?post_type=product&#038;p=2074"},"modified":"2022-05-13T16:14:58","modified_gmt":"2022-05-13T14:14:58","slug":"innere-raume-sichtbar-werden-lassen","status":"publish","type":"product","link":"https:\/\/noeliebroglie.ch\/de\/produkt\/innere-raume-sichtbar-werden-lassen\/","title":{"rendered":"Innere R\u00e4ume sichtbar werden lassen"},"content":{"rendered":"<p>Tableau r\u00e9alis\u00e9 d&rsquo;abord avec du collage, puis \u00e0 l&rsquo;aide de peinture acrylique. Le charbon a permis de finaliser le tout en lui donnant davantage de structure et de contraste.<\/p>\n<p>Dimensionen: 40\u00d730 cm<br \/>\nGewicht: 0.3 kg<\/p>\n<p><em>Traduction du titre: Rendre visibles certains espaces int\u00e9rieurs<\/em><\/p>","protected":false},"excerpt":{"rendered":"<p style=\"text-align: left;\">Bild, das mit Collage und Acrylfarbe hergestellt wurde.<br \/>\nDimensionen: 40\u00d730 cm<\/p>","protected":false},"featured_media":2750,"template":"","meta":{"_et_pb_use_builder":"off","_et_pb_old_content":"Tableau r\u00e9alis\u00e9 d'abord avec du collage, puis \u00e0 l'aide de la peinture acrylique. Le charbon a permis de finaliser le tout en lui donnant davantage de structure et de contraste.","_et_gb_content_width":""},"product_brand":[],"product_cat":[54,48],"product_tag":[],"class_list":{"0":"post-2074","1":"product","2":"type-product","3":"status-publish","4":"has-post-thumbnail","6":"product_cat-collage","7":"product_cat-tableaux","9":"first","10":"instock","11":"sold-individually","12":"shipping-taxable","13":"purchasable","14":"product-type-simple"},"yoast_head":"<!-- This site is optimized with the Yoast SEO plugin v27.4 - https:\/\/yoast.com\/product\/yoast-seo-wordpress\/ -->\n<title>Innere R\u00e4ume sichtbar werden lassen - noeliebroglie.ch<\/title>\n<meta name=\"robots\" content=\"index, follow, max-snippet:-1, max-image-preview:large, max-video-preview:-1\" \/>\n<link rel=\"canonical\" href=\"https:\/\/noeliebroglie.ch\/de\/produkt\/innere-raume-sichtbar-werden-lassen\/\" \/>\n<meta property=\"og:locale\" content=\"de_DE\" \/>\n<meta property=\"og:type\" content=\"article\" \/>\n<meta property=\"og:title\" content=\"Innere R\u00e4ume sichtbar werden lassen - noeliebroglie.ch\" \/>\n<meta property=\"og:description\" content=\"Tableau r\u00e9alis\u00e9 avec du collage et de la peinture acrylique. Dimensions: 40x30 cm\" \/>\n<meta property=\"og:url\" content=\"https:\/\/noeliebroglie.ch\/de\/produkt\/innere-raume-sichtbar-werden-lassen\/\" \/>\n<meta property=\"og:site_name\" content=\"noeliebroglie.ch\" \/>\n<meta property=\"article:modified_time\" content=\"2022-05-13T14:14:58+00:00\" \/>\n<meta property=\"og:image\" content=\"https:\/\/noeliebroglie.ch\/wp-content\/uploads\/2021\/08\/Tableau-9a-scaled-768x614.jpg\" \/>\n\t<meta property=\"og:image:width\" content=\"768\" \/>\n\t<meta property=\"og:image:height\" content=\"614\" \/>\n\t<meta property=\"og:image:type\" content=\"image\/jpeg\" \/>\n<meta name=\"twitter:card\" content=\"summary_large_image\" \/>\n<meta name=\"twitter:label1\" content=\"Gesch\u00e4tzte Lesezeit\" \/>\n\t<meta name=\"twitter:data1\" content=\"1\u00a0Minute\" \/>\n<script type=\"application\/ld+json\" class=\"yoast-schema-graph\">{\"@context\":\"https:\\\/\\\/schema.org\",\"@graph\":[{\"@type\":\"WebPage\",\"@id\":\"https:\\\/\\\/noeliebroglie.ch\\\/produit\\\/innere-raume-sichtbar-werden-lassen\\\/\",\"url\":\"https:\\\/\\\/noeliebroglie.ch\\\/produit\\\/innere-raume-sichtbar-werden-lassen\\\/\",\"name\":\"Innere R\u00e4ume sichtbar werden lassen - noeliebroglie.ch\",\"isPartOf\":{\"@id\":\"https:\\\/\\\/noeliebroglie.ch\\\/#website\"},\"primaryImageOfPage\":{\"@id\":\"https:\\\/\\\/noeliebroglie.ch\\\/produit\\\/innere-raume-sichtbar-werden-lassen\\\/#primaryimage\"},\"image\":{\"@id\":\"https:\\\/\\\/noeliebroglie.ch\\\/produit\\\/innere-raume-sichtbar-werden-lassen\\\/#primaryimage\"},\"thumbnailUrl\":\"https:\\\/\\\/noeliebroglie.ch\\\/wp-content\\\/uploads\\\/2021\\\/08\\\/Tableau-9a-scaled.jpg\",\"datePublished\":\"2021-08-18T17:15:16+00:00\",\"dateModified\":\"2022-05-13T14:14:58+00:00\",\"breadcrumb\":{\"@id\":\"https:\\\/\\\/noeliebroglie.ch\\\/produit\\\/innere-raume-sichtbar-werden-lassen\\\/#breadcrumb\"},\"inLanguage\":\"de\",\"potentialAction\":[{\"@type\":\"ReadAction\",\"target\":[\"https:\\\/\\\/noeliebroglie.ch\\\/produit\\\/innere-raume-sichtbar-werden-lassen\\\/\"]}]},{\"@type\":\"ImageObject\",\"inLanguage\":\"de\",\"@id\":\"https:\\\/\\\/noeliebroglie.ch\\\/produit\\\/innere-raume-sichtbar-werden-lassen\\\/#primaryimage\",\"url\":\"https:\\\/\\\/noeliebroglie.ch\\\/wp-content\\\/uploads\\\/2021\\\/08\\\/Tableau-9a-scaled.jpg\",\"contentUrl\":\"https:\\\/\\\/noeliebroglie.ch\\\/wp-content\\\/uploads\\\/2021\\\/08\\\/Tableau-9a-scaled.jpg\",\"width\":2560,\"height\":2048},{\"@type\":\"BreadcrumbList\",\"@id\":\"https:\\\/\\\/noeliebroglie.ch\\\/produit\\\/innere-raume-sichtbar-werden-lassen\\\/#breadcrumb\",\"itemListElement\":[{\"@type\":\"ListItem\",\"position\":1,\"name\":\"Accueil\",\"item\":\"https:\\\/\\\/noeliebroglie.ch\\\/\"},{\"@type\":\"ListItem\",\"position\":2,\"name\":\"Boutique\",\"item\":\"https:\\\/\\\/noeliebroglie.ch\\\/boutique\\\/\"},{\"@type\":\"ListItem\",\"position\":3,\"name\":\"Innere R\u00e4ume sichtbar werden lassen\"}]},{\"@type\":\"WebSite\",\"@id\":\"https:\\\/\\\/noeliebroglie.ch\\\/#website\",\"url\":\"https:\\\/\\\/noeliebroglie.ch\\\/\",\"name\":\"noeliebroglie.ch\",\"description\":\"\",\"publisher\":{\"@id\":\"https:\\\/\\\/noeliebroglie.ch\\\/#\\\/schema\\\/person\\\/45ea2673345ef104556f33cfdbe8788d\"},\"potentialAction\":[{\"@type\":\"SearchAction\",\"target\":{\"@type\":\"EntryPoint\",\"urlTemplate\":\"https:\\\/\\\/noeliebroglie.ch\\\/?s={search_term_string}\"},\"query-input\":{\"@type\":\"PropertyValueSpecification\",\"valueRequired\":true,\"valueName\":\"search_term_string\"}}],\"inLanguage\":\"de\"},{\"@type\":[\"Person\",\"Organization\"],\"@id\":\"https:\\\/\\\/noeliebroglie.ch\\\/#\\\/schema\\\/person\\\/45ea2673345ef104556f33cfdbe8788d\",\"name\":\"No\u00e9lie Broglie\",\"image\":{\"@type\":\"ImageObject\",\"inLanguage\":\"de\",\"@id\":\"https:\\\/\\\/noeliebroglie.ch\\\/wp-content\\\/uploads\\\/2021\\\/03\\\/0Logo-nb-couleurs-sans-bord.jpeg\",\"url\":\"https:\\\/\\\/noeliebroglie.ch\\\/wp-content\\\/uploads\\\/2021\\\/03\\\/0Logo-nb-couleurs-sans-bord.jpeg\",\"contentUrl\":\"https:\\\/\\\/noeliebroglie.ch\\\/wp-content\\\/uploads\\\/2021\\\/03\\\/0Logo-nb-couleurs-sans-bord.jpeg\",\"width\":653,\"height\":661,\"caption\":\"No\u00e9lie Broglie\"},\"logo\":{\"@id\":\"https:\\\/\\\/noeliebroglie.ch\\\/wp-content\\\/uploads\\\/2021\\\/03\\\/0Logo-nb-couleurs-sans-bord.jpeg\"},\"sameAs\":[\"http:\\\/\\\/bl1pragmeq.preview.infomaniak.website\"]}]}<\/script>\n<!-- \/ Yoast SEO plugin. -->","yoast_head_json":{"title":"Innere R\u00e4ume sichtbar werden lassen - noeliebroglie.ch","robots":{"index":"index","follow":"follow","max-snippet":"max-snippet:-1","max-image-preview":"max-image-preview:large","max-video-preview":"max-video-preview:-1"},"canonical":"https:\/\/noeliebroglie.ch\/de\/produkt\/innere-raume-sichtbar-werden-lassen\/","og_locale":"de_DE","og_type":"article","og_title":"Innere R\u00e4ume sichtbar werden lassen - noeliebroglie.ch","og_description":"Tableau r\u00e9alis\u00e9 avec du collage et de la peinture acrylique. Dimensions: 40x30 cm","og_url":"https:\/\/noeliebroglie.ch\/de\/produkt\/innere-raume-sichtbar-werden-lassen\/","og_site_name":"noeliebroglie.ch","article_modified_time":"2022-05-13T14:14:58+00:00","og_image":[{"width":768,"height":614,"url":"https:\/\/noeliebroglie.ch\/wp-content\/uploads\/2021\/08\/Tableau-9a-scaled-768x614.jpg","type":"image\/jpeg"}],"twitter_card":"summary_large_image","twitter_misc":{"Gesch\u00e4tzte Lesezeit":"1\u00a0Minute"},"schema":{"@context":"https:\/\/schema.org","@graph":[{"@type":"WebPage","@id":"https:\/\/noeliebroglie.ch\/produit\/innere-raume-sichtbar-werden-lassen\/","url":"https:\/\/noeliebroglie.ch\/produit\/innere-raume-sichtbar-werden-lassen\/","name":"Innere R\u00e4ume sichtbar werden lassen - noeliebroglie.ch","isPartOf":{"@id":"https:\/\/noeliebroglie.ch\/#website"},"primaryImageOfPage":{"@id":"https:\/\/noeliebroglie.ch\/produit\/innere-raume-sichtbar-werden-lassen\/#primaryimage"},"image":{"@id":"https:\/\/noeliebroglie.ch\/produit\/innere-raume-sichtbar-werden-lassen\/#primaryimage"},"thumbnailUrl":"https:\/\/noeliebroglie.ch\/wp-content\/uploads\/2021\/08\/Tableau-9a-scaled.jpg","datePublished":"2021-08-18T17:15:16+00:00","dateModified":"2022-05-13T14:14:58+00:00","breadcrumb":{"@id":"https:\/\/noeliebroglie.ch\/produit\/innere-raume-sichtbar-werden-lassen\/#breadcrumb"},"inLanguage":"de","potentialAction":[{"@type":"ReadAction","target":["https:\/\/noeliebroglie.ch\/produit\/innere-raume-sichtbar-werden-lassen\/"]}]},{"@type":"ImageObject","inLanguage":"de","@id":"https:\/\/noeliebroglie.ch\/produit\/innere-raume-sichtbar-werden-lassen\/#primaryimage","url":"https:\/\/noeliebroglie.ch\/wp-content\/uploads\/2021\/08\/Tableau-9a-scaled.jpg","contentUrl":"https:\/\/noeliebroglie.ch\/wp-content\/uploads\/2021\/08\/Tableau-9a-scaled.jpg","width":2560,"height":2048},{"@type":"BreadcrumbList","@id":"https:\/\/noeliebroglie.ch\/produit\/innere-raume-sichtbar-werden-lassen\/#breadcrumb","itemListElement":[{"@type":"ListItem","position":1,"name":"Accueil","item":"https:\/\/noeliebroglie.ch\/"},{"@type":"ListItem","position":2,"name":"Boutique","item":"https:\/\/noeliebroglie.ch\/boutique\/"},{"@type":"ListItem","position":3,"name":"Innere R\u00e4ume sichtbar werden lassen"}]},{"@type":"WebSite","@id":"https:\/\/noeliebroglie.ch\/#website","url":"https:\/\/noeliebroglie.ch\/","name":"noeliebroglie.ch","description":"","publisher":{"@id":"https:\/\/noeliebroglie.ch\/#\/schema\/person\/45ea2673345ef104556f33cfdbe8788d"},"potentialAction":[{"@type":"SearchAction","target":{"@type":"EntryPoint","urlTemplate":"https:\/\/noeliebroglie.ch\/?s={search_term_string}"},"query-input":{"@type":"PropertyValueSpecification","valueRequired":true,"valueName":"search_term_string"}}],"inLanguage":"de"},{"@type":["Person","Organization"],"@id":"https:\/\/noeliebroglie.ch\/#\/schema\/person\/45ea2673345ef104556f33cfdbe8788d","name":"No\u00e9lie Broglie","image":{"@type":"ImageObject","inLanguage":"de","@id":"https:\/\/noeliebroglie.ch\/wp-content\/uploads\/2021\/03\/0Logo-nb-couleurs-sans-bord.jpeg","url":"https:\/\/noeliebroglie.ch\/wp-content\/uploads\/2021\/03\/0Logo-nb-couleurs-sans-bord.jpeg","contentUrl":"https:\/\/noeliebroglie.ch\/wp-content\/uploads\/2021\/03\/0Logo-nb-couleurs-sans-bord.jpeg","width":653,"height":661,"caption":"No\u00e9lie Broglie"},"logo":{"@id":"https:\/\/noeliebroglie.ch\/wp-content\/uploads\/2021\/03\/0Logo-nb-couleurs-sans-bord.jpeg"},"sameAs":["http:\/\/bl1pragmeq.preview.infomaniak.website"]}]}},"_links":{"self":[{"href":"https:\/\/noeliebroglie.ch\/de\/wp-json\/wp\/v2\/product\/2074","targetHints":{"allow":["GET"]}}],"collection":[{"href":"https:\/\/noeliebroglie.ch\/de\/wp-json\/wp\/v2\/product"}],"about":[{"href":"https:\/\/noeliebroglie.ch\/de\/wp-json\/wp\/v2\/types\/product"}],"wp:featuredmedia":[{"embeddable":true,"href":"https:\/\/noeliebroglie.ch\/de\/wp-json\/wp\/v2\/media\/2750"}],"wp:attachment":[{"href":"https:\/\/noeliebroglie.ch\/de\/wp-json\/wp\/v2\/media?parent=2074"}],"wp:term":[{"taxonomy":"product_brand","embeddable":true,"href":"https:\/\/noeliebroglie.ch\/de\/wp-json\/wp\/v2\/product_brand?post=2074"},{"taxonomy":"product_cat","embeddable":true,"href":"https:\/\/noeliebroglie.ch\/de\/wp-json\/wp\/v2\/product_cat?post=2074"},{"taxonomy":"product_tag","embeddable":true,"href":"https:\/\/noeliebroglie.ch\/de\/wp-json\/wp\/v2\/product_tag?post=2074"}],"curies":[{"name":"wp","href":"https:\/\/api.w.org\/{rel}","templated":true}]}}