{"id":2084,"date":"2021-08-06T11:32:46","date_gmt":"2021-08-06T09:32:46","guid":{"rendered":"https:\/\/noeliebroglie.ch\/?post_type=product&#038;p=2084"},"modified":"2022-05-13T16:21:08","modified_gmt":"2022-05-13T14:21:08","slug":"la-cle-de-sortie","status":"publish","type":"product","link":"https:\/\/noeliebroglie.ch\/de\/produkt\/la-cle-de-sortie\/","title":{"rendered":"La cl\u00e9 de sortie"},"content":{"rendered":"<p>Tableau r\u00e9alis\u00e9 avec de la peinture acrylique m\u00e9lang\u00e9e par endroit avec du sable pour donner de la structure. En haut, une cl\u00e9 a \u00e9t\u00e9 rouill\u00e9e puis coll\u00e9e. En bas, un morceau de rouille (r\u00e9alis\u00e9 en collant de la poudre de fer sur un papier et en sprayant le tout avec un m\u00e9lange d&rsquo;acide ac\u00e9tique, de sel et d&rsquo;eau) a \u00e9t\u00e9 coll\u00e9 sur la toile.<\/p>\n<p>Dimensionen: 20\u00d7100 cm<br \/>\nGewicht: 1.1 kg<\/p>\n<p><em>Titel\u00fcbersetzung: Der Ausgangsschl\u00fcssel<\/em><\/p>\n<p class=\"western\"><span style=\"font-family: Arial, sans-serif;\">\u00a0<\/span><\/p>","protected":false},"excerpt":{"rendered":"<p class=\"western\">Mit Acrylfarbe und Rost hergestelltes Bild.<br \/>\nDimensionen: 20\u00d7100 cm<\/p>","protected":false},"featured_media":5877,"template":"","meta":{"_et_pb_use_builder":"","_et_pb_old_content":"","_et_gb_content_width":""},"product_brand":[],"product_cat":[48,50],"product_tag":[],"class_list":{"0":"post-2084","1":"product","2":"type-product","3":"status-publish","4":"has-post-thumbnail","6":"product_cat-tableaux","7":"product_cat-rouille","9":"first","10":"instock","11":"sold-individually","12":"shipping-taxable","13":"purchasable","14":"product-type-simple"},"yoast_head":"<!-- This site is optimized with the Yoast SEO plugin v26.9 - https:\/\/yoast.com\/product\/yoast-seo-wordpress\/ -->\n<title>La cl\u00e9 de sortie - noeliebroglie.ch<\/title>\n<meta name=\"robots\" content=\"index, follow, max-snippet:-1, max-image-preview:large, max-video-preview:-1\" \/>\n<link rel=\"canonical\" href=\"https:\/\/noeliebroglie.ch\/de\/produkt\/la-cle-de-sortie\/\" \/>\n<meta property=\"og:locale\" content=\"de_DE\" \/>\n<meta property=\"og:type\" content=\"article\" \/>\n<meta property=\"og:title\" content=\"La cl\u00e9 de sortie - noeliebroglie.ch\" \/>\n<meta property=\"og:description\" content=\"Tableau r\u00e9alis\u00e9 avec de la peinture acrylique et de la rouille. Dimensions: 20x100 cm\" \/>\n<meta property=\"og:url\" content=\"https:\/\/noeliebroglie.ch\/de\/produkt\/la-cle-de-sortie\/\" \/>\n<meta property=\"og:site_name\" content=\"noeliebroglie.ch\" \/>\n<meta property=\"article:modified_time\" content=\"2022-05-13T14:21:08+00:00\" \/>\n<meta property=\"og:image\" content=\"https:\/\/noeliebroglie.ch\/wp-content\/uploads\/2021\/08\/La-cle\u0301-de-sortie-1-scaled.jpg\" \/>\n\t<meta property=\"og:image:width\" content=\"2048\" \/>\n\t<meta property=\"og:image:height\" content=\"2560\" \/>\n\t<meta property=\"og:image:type\" content=\"image\/jpeg\" \/>\n<meta name=\"twitter:card\" content=\"summary_large_image\" \/>\n<meta name=\"twitter:label1\" content=\"Gesch\u00e4tzte Lesezeit\" \/>\n\t<meta name=\"twitter:data1\" content=\"1\u00a0Minute\" \/>\n<script type=\"application\/ld+json\" class=\"yoast-schema-graph\">{\"@context\":\"https:\/\/schema.org\",\"@graph\":[{\"@type\":\"WebPage\",\"@id\":\"https:\/\/noeliebroglie.ch\/produit\/la-cle-de-sortie\/\",\"url\":\"https:\/\/noeliebroglie.ch\/produit\/la-cle-de-sortie\/\",\"name\":\"La cl\u00e9 de sortie - noeliebroglie.ch\",\"isPartOf\":{\"@id\":\"https:\/\/noeliebroglie.ch\/#website\"},\"primaryImageOfPage\":{\"@id\":\"https:\/\/noeliebroglie.ch\/produit\/la-cle-de-sortie\/#primaryimage\"},\"image\":{\"@id\":\"https:\/\/noeliebroglie.ch\/produit\/la-cle-de-sortie\/#primaryimage\"},\"thumbnailUrl\":\"https:\/\/noeliebroglie.ch\/wp-content\/uploads\/2021\/08\/La-cle\u0301-de-sortie-1-scaled.jpg\",\"datePublished\":\"2021-08-06T09:32:46+00:00\",\"dateModified\":\"2022-05-13T14:21:08+00:00\",\"breadcrumb\":{\"@id\":\"https:\/\/noeliebroglie.ch\/produit\/la-cle-de-sortie\/#breadcrumb\"},\"inLanguage\":\"de\",\"potentialAction\":[{\"@type\":\"ReadAction\",\"target\":[\"https:\/\/noeliebroglie.ch\/produit\/la-cle-de-sortie\/\"]}]},{\"@type\":\"ImageObject\",\"inLanguage\":\"de\",\"@id\":\"https:\/\/noeliebroglie.ch\/produit\/la-cle-de-sortie\/#primaryimage\",\"url\":\"https:\/\/noeliebroglie.ch\/wp-content\/uploads\/2021\/08\/La-cle\u0301-de-sortie-1-scaled.jpg\",\"contentUrl\":\"https:\/\/noeliebroglie.ch\/wp-content\/uploads\/2021\/08\/La-cle\u0301-de-sortie-1-scaled.jpg\",\"width\":2048,\"height\":2560},{\"@type\":\"BreadcrumbList\",\"@id\":\"https:\/\/noeliebroglie.ch\/produit\/la-cle-de-sortie\/#breadcrumb\",\"itemListElement\":[{\"@type\":\"ListItem\",\"position\":1,\"name\":\"Accueil\",\"item\":\"https:\/\/noeliebroglie.ch\/\"},{\"@type\":\"ListItem\",\"position\":2,\"name\":\"Boutique\",\"item\":\"https:\/\/noeliebroglie.ch\/boutique\/\"},{\"@type\":\"ListItem\",\"position\":3,\"name\":\"La cl\u00e9 de sortie\"}]},{\"@type\":\"WebSite\",\"@id\":\"https:\/\/noeliebroglie.ch\/#website\",\"url\":\"https:\/\/noeliebroglie.ch\/\",\"name\":\"noeliebroglie.ch\",\"description\":\"\",\"publisher\":{\"@id\":\"https:\/\/noeliebroglie.ch\/#\/schema\/person\/45ea2673345ef104556f33cfdbe8788d\"},\"potentialAction\":[{\"@type\":\"SearchAction\",\"target\":{\"@type\":\"EntryPoint\",\"urlTemplate\":\"https:\/\/noeliebroglie.ch\/?s={search_term_string}\"},\"query-input\":{\"@type\":\"PropertyValueSpecification\",\"valueRequired\":true,\"valueName\":\"search_term_string\"}}],\"inLanguage\":\"de\"},{\"@type\":[\"Person\",\"Organization\"],\"@id\":\"https:\/\/noeliebroglie.ch\/#\/schema\/person\/45ea2673345ef104556f33cfdbe8788d\",\"name\":\"No\u00e9lie Broglie\",\"image\":{\"@type\":\"ImageObject\",\"inLanguage\":\"de\",\"@id\":\"https:\/\/noeliebroglie.ch\/#\/schema\/person\/image\/\",\"url\":\"https:\/\/noeliebroglie.ch\/wp-content\/uploads\/2021\/03\/0Logo-nb-couleurs-sans-bord.jpeg\",\"contentUrl\":\"https:\/\/noeliebroglie.ch\/wp-content\/uploads\/2021\/03\/0Logo-nb-couleurs-sans-bord.jpeg\",\"width\":653,\"height\":661,\"caption\":\"No\u00e9lie Broglie\"},\"logo\":{\"@id\":\"https:\/\/noeliebroglie.ch\/#\/schema\/person\/image\/\"},\"sameAs\":[\"http:\/\/bl1pragmeq.preview.infomaniak.website\"]}]}<\/script>\n<!-- \/ Yoast SEO plugin. -->","yoast_head_json":{"title":"La cl\u00e9 de sortie - noeliebroglie.ch","robots":{"index":"index","follow":"follow","max-snippet":"max-snippet:-1","max-image-preview":"max-image-preview:large","max-video-preview":"max-video-preview:-1"},"canonical":"https:\/\/noeliebroglie.ch\/de\/produkt\/la-cle-de-sortie\/","og_locale":"de_DE","og_type":"article","og_title":"La cl\u00e9 de sortie - noeliebroglie.ch","og_description":"Tableau r\u00e9alis\u00e9 avec de la peinture acrylique et de la rouille. Dimensions: 20x100 cm","og_url":"https:\/\/noeliebroglie.ch\/de\/produkt\/la-cle-de-sortie\/","og_site_name":"noeliebroglie.ch","article_modified_time":"2022-05-13T14:21:08+00:00","og_image":[{"width":2048,"height":2560,"url":"https:\/\/noeliebroglie.ch\/wp-content\/uploads\/2021\/08\/La-cle\u0301-de-sortie-1-scaled.jpg","type":"image\/jpeg"}],"twitter_card":"summary_large_image","twitter_misc":{"Gesch\u00e4tzte Lesezeit":"1\u00a0Minute"},"schema":{"@context":"https:\/\/schema.org","@graph":[{"@type":"WebPage","@id":"https:\/\/noeliebroglie.ch\/produit\/la-cle-de-sortie\/","url":"https:\/\/noeliebroglie.ch\/produit\/la-cle-de-sortie\/","name":"La cl\u00e9 de sortie - noeliebroglie.ch","isPartOf":{"@id":"https:\/\/noeliebroglie.ch\/#website"},"primaryImageOfPage":{"@id":"https:\/\/noeliebroglie.ch\/produit\/la-cle-de-sortie\/#primaryimage"},"image":{"@id":"https:\/\/noeliebroglie.ch\/produit\/la-cle-de-sortie\/#primaryimage"},"thumbnailUrl":"https:\/\/noeliebroglie.ch\/wp-content\/uploads\/2021\/08\/La-cle\u0301-de-sortie-1-scaled.jpg","datePublished":"2021-08-06T09:32:46+00:00","dateModified":"2022-05-13T14:21:08+00:00","breadcrumb":{"@id":"https:\/\/noeliebroglie.ch\/produit\/la-cle-de-sortie\/#breadcrumb"},"inLanguage":"de","potentialAction":[{"@type":"ReadAction","target":["https:\/\/noeliebroglie.ch\/produit\/la-cle-de-sortie\/"]}]},{"@type":"ImageObject","inLanguage":"de","@id":"https:\/\/noeliebroglie.ch\/produit\/la-cle-de-sortie\/#primaryimage","url":"https:\/\/noeliebroglie.ch\/wp-content\/uploads\/2021\/08\/La-cle\u0301-de-sortie-1-scaled.jpg","contentUrl":"https:\/\/noeliebroglie.ch\/wp-content\/uploads\/2021\/08\/La-cle\u0301-de-sortie-1-scaled.jpg","width":2048,"height":2560},{"@type":"BreadcrumbList","@id":"https:\/\/noeliebroglie.ch\/produit\/la-cle-de-sortie\/#breadcrumb","itemListElement":[{"@type":"ListItem","position":1,"name":"Accueil","item":"https:\/\/noeliebroglie.ch\/"},{"@type":"ListItem","position":2,"name":"Boutique","item":"https:\/\/noeliebroglie.ch\/boutique\/"},{"@type":"ListItem","position":3,"name":"La cl\u00e9 de sortie"}]},{"@type":"WebSite","@id":"https:\/\/noeliebroglie.ch\/#website","url":"https:\/\/noeliebroglie.ch\/","name":"noeliebroglie.ch","description":"","publisher":{"@id":"https:\/\/noeliebroglie.ch\/#\/schema\/person\/45ea2673345ef104556f33cfdbe8788d"},"potentialAction":[{"@type":"SearchAction","target":{"@type":"EntryPoint","urlTemplate":"https:\/\/noeliebroglie.ch\/?s={search_term_string}"},"query-input":{"@type":"PropertyValueSpecification","valueRequired":true,"valueName":"search_term_string"}}],"inLanguage":"de"},{"@type":["Person","Organization"],"@id":"https:\/\/noeliebroglie.ch\/#\/schema\/person\/45ea2673345ef104556f33cfdbe8788d","name":"No\u00e9lie Broglie","image":{"@type":"ImageObject","inLanguage":"de","@id":"https:\/\/noeliebroglie.ch\/#\/schema\/person\/image\/","url":"https:\/\/noeliebroglie.ch\/wp-content\/uploads\/2021\/03\/0Logo-nb-couleurs-sans-bord.jpeg","contentUrl":"https:\/\/noeliebroglie.ch\/wp-content\/uploads\/2021\/03\/0Logo-nb-couleurs-sans-bord.jpeg","width":653,"height":661,"caption":"No\u00e9lie Broglie"},"logo":{"@id":"https:\/\/noeliebroglie.ch\/#\/schema\/person\/image\/"},"sameAs":["http:\/\/bl1pragmeq.preview.infomaniak.website"]}]}},"_links":{"self":[{"href":"https:\/\/noeliebroglie.ch\/de\/wp-json\/wp\/v2\/product\/2084","targetHints":{"allow":["GET"]}}],"collection":[{"href":"https:\/\/noeliebroglie.ch\/de\/wp-json\/wp\/v2\/product"}],"about":[{"href":"https:\/\/noeliebroglie.ch\/de\/wp-json\/wp\/v2\/types\/product"}],"wp:featuredmedia":[{"embeddable":true,"href":"https:\/\/noeliebroglie.ch\/de\/wp-json\/wp\/v2\/media\/5877"}],"wp:attachment":[{"href":"https:\/\/noeliebroglie.ch\/de\/wp-json\/wp\/v2\/media?parent=2084"}],"wp:term":[{"taxonomy":"product_brand","embeddable":true,"href":"https:\/\/noeliebroglie.ch\/de\/wp-json\/wp\/v2\/product_brand?post=2084"},{"taxonomy":"product_cat","embeddable":true,"href":"https:\/\/noeliebroglie.ch\/de\/wp-json\/wp\/v2\/product_cat?post=2084"},{"taxonomy":"product_tag","embeddable":true,"href":"https:\/\/noeliebroglie.ch\/de\/wp-json\/wp\/v2\/product_tag?post=2084"}],"curies":[{"name":"wp","href":"https:\/\/api.w.org\/{rel}","templated":true}]}}