{"id":3053,"date":"2021-10-06T14:25:12","date_gmt":"2021-10-06T12:25:12","guid":{"rendered":"https:\/\/noeliebroglie.ch\/?post_type=product&#038;p=3053"},"modified":"2023-04-13T11:40:23","modified_gmt":"2023-04-13T09:40:23","slug":"carte-ombres-et-lumiere-6","status":"publish","type":"product","link":"https:\/\/noeliebroglie.ch\/de\/produkt\/carte-ombres-et-lumiere-6\/","title":{"rendered":"Karte Schatten und Licht 6"},"content":{"rendered":"<p>Carte de 15&#215;10 cm, imprim\u00e9e avec une imprimante \u00e0 jet d&rsquo;encre sur du papier Hahnem\u00fchle Photo Rag 308 gsm.<\/p>\n<p>Selbstgemachter Scherenschnitt, der dann von mir fotografiert und bearbeitet wurde.<\/p>\n<p>Bei der Variante mit Briefumschlag w\u00e4hle ich die Farbe des Briefumschlages anhand der Farbt\u00f6ne der Karte und des verf\u00fcgbaren Bestandes aus.<\/p>","protected":false},"excerpt":{"rendered":"<p>Dimensionen: 15\u00d710 cm<br \/>\nPapier: Hahnem\u00fchle Photo Rag 308 gsm.<\/p>","protected":false},"featured_media":3039,"template":"","meta":{"_et_pb_use_builder":"off","_et_pb_old_content":"Carte de 15x10 cm, imprim\u00e9e avec une imprimante \u00e0 jet d'encre sur du papier Hahnem\u00fchle Photo Rag 308 gsm.\r\n\r\nD\u00e9coupage r\u00e9alis\u00e9 par mes soins puis photographi\u00e9 et modifi\u00e9.\r\n\r\nPour la variante avec enveloppe, je choisis la couleur de l\u2019enveloppe en fonction des teintes de la carte et du stock disponible.","_et_gb_content_width":""},"product_brand":[],"product_cat":[47,55],"product_tag":[],"class_list":{"0":"post-3053","1":"product","2":"type-product","3":"status-publish","4":"has-post-thumbnail","6":"product_cat-cartes","7":"product_cat-ombres-et-lumiere","9":"first","10":"instock","11":"shipping-taxable","12":"purchasable","13":"product-type-variable"},"yoast_head":"<!-- This site is optimized with the Yoast SEO plugin v26.9 - https:\/\/yoast.com\/product\/yoast-seo-wordpress\/ -->\n<title>Carte ombres et lumi\u00e8re 6 - noeliebroglie.ch<\/title>\n<meta name=\"robots\" content=\"index, follow, max-snippet:-1, max-image-preview:large, max-video-preview:-1\" \/>\n<link rel=\"canonical\" href=\"https:\/\/noeliebroglie.ch\/de\/produkt\/carte-ombres-et-lumiere-6\/\" \/>\n<meta property=\"og:locale\" content=\"de_DE\" \/>\n<meta property=\"og:type\" content=\"article\" \/>\n<meta property=\"og:title\" content=\"Carte ombres et lumi\u00e8re 6 - noeliebroglie.ch\" \/>\n<meta property=\"og:description\" content=\"Dimension: 15x10 cm Papier: Hahnem\u00fchle Photo Rag 308 gsm.\" \/>\n<meta property=\"og:url\" content=\"https:\/\/noeliebroglie.ch\/de\/produkt\/carte-ombres-et-lumiere-6\/\" \/>\n<meta property=\"og:site_name\" content=\"noeliebroglie.ch\" \/>\n<meta property=\"article:modified_time\" content=\"2023-04-13T09:40:23+00:00\" \/>\n<meta property=\"og:image\" content=\"https:\/\/noeliebroglie.ch\/wp-content\/uploads\/2021\/10\/Carte-ombres-et-lumie\u0300re6.jpg\" \/>\n\t<meta property=\"og:image:width\" content=\"1771\" \/>\n\t<meta property=\"og:image:height\" content=\"1181\" \/>\n\t<meta property=\"og:image:type\" content=\"image\/jpeg\" \/>\n<meta name=\"twitter:card\" content=\"summary_large_image\" \/>\n<meta name=\"twitter:label1\" content=\"Gesch\u00e4tzte Lesezeit\" \/>\n\t<meta name=\"twitter:data1\" content=\"1\u00a0Minute\" \/>\n<script type=\"application\/ld+json\" class=\"yoast-schema-graph\">{\"@context\":\"https:\/\/schema.org\",\"@graph\":[{\"@type\":\"WebPage\",\"@id\":\"https:\/\/noeliebroglie.ch\/produit\/carte-ombres-et-lumiere-6\/\",\"url\":\"https:\/\/noeliebroglie.ch\/produit\/carte-ombres-et-lumiere-6\/\",\"name\":\"Carte ombres et lumi\u00e8re 6 - noeliebroglie.ch\",\"isPartOf\":{\"@id\":\"https:\/\/noeliebroglie.ch\/#website\"},\"primaryImageOfPage\":{\"@id\":\"https:\/\/noeliebroglie.ch\/produit\/carte-ombres-et-lumiere-6\/#primaryimage\"},\"image\":{\"@id\":\"https:\/\/noeliebroglie.ch\/produit\/carte-ombres-et-lumiere-6\/#primaryimage\"},\"thumbnailUrl\":\"https:\/\/noeliebroglie.ch\/wp-content\/uploads\/2021\/10\/Carte-ombres-et-lumie\u0300re6.jpg\",\"datePublished\":\"2021-10-06T12:25:12+00:00\",\"dateModified\":\"2023-04-13T09:40:23+00:00\",\"breadcrumb\":{\"@id\":\"https:\/\/noeliebroglie.ch\/produit\/carte-ombres-et-lumiere-6\/#breadcrumb\"},\"inLanguage\":\"de\",\"potentialAction\":[{\"@type\":\"ReadAction\",\"target\":[\"https:\/\/noeliebroglie.ch\/produit\/carte-ombres-et-lumiere-6\/\"]}]},{\"@type\":\"ImageObject\",\"inLanguage\":\"de\",\"@id\":\"https:\/\/noeliebroglie.ch\/produit\/carte-ombres-et-lumiere-6\/#primaryimage\",\"url\":\"https:\/\/noeliebroglie.ch\/wp-content\/uploads\/2021\/10\/Carte-ombres-et-lumie\u0300re6.jpg\",\"contentUrl\":\"https:\/\/noeliebroglie.ch\/wp-content\/uploads\/2021\/10\/Carte-ombres-et-lumie\u0300re6.jpg\",\"width\":1771,\"height\":1181},{\"@type\":\"BreadcrumbList\",\"@id\":\"https:\/\/noeliebroglie.ch\/produit\/carte-ombres-et-lumiere-6\/#breadcrumb\",\"itemListElement\":[{\"@type\":\"ListItem\",\"position\":1,\"name\":\"Accueil\",\"item\":\"https:\/\/noeliebroglie.ch\/\"},{\"@type\":\"ListItem\",\"position\":2,\"name\":\"Boutique\",\"item\":\"https:\/\/noeliebroglie.ch\/boutique\/\"},{\"@type\":\"ListItem\",\"position\":3,\"name\":\"Carte ombres et lumi\u00e8re 6\"}]},{\"@type\":\"WebSite\",\"@id\":\"https:\/\/noeliebroglie.ch\/#website\",\"url\":\"https:\/\/noeliebroglie.ch\/\",\"name\":\"noeliebroglie.ch\",\"description\":\"\",\"publisher\":{\"@id\":\"https:\/\/noeliebroglie.ch\/#\/schema\/person\/45ea2673345ef104556f33cfdbe8788d\"},\"potentialAction\":[{\"@type\":\"SearchAction\",\"target\":{\"@type\":\"EntryPoint\",\"urlTemplate\":\"https:\/\/noeliebroglie.ch\/?s={search_term_string}\"},\"query-input\":{\"@type\":\"PropertyValueSpecification\",\"valueRequired\":true,\"valueName\":\"search_term_string\"}}],\"inLanguage\":\"de\"},{\"@type\":[\"Person\",\"Organization\"],\"@id\":\"https:\/\/noeliebroglie.ch\/#\/schema\/person\/45ea2673345ef104556f33cfdbe8788d\",\"name\":\"No\u00e9lie Broglie\",\"image\":{\"@type\":\"ImageObject\",\"inLanguage\":\"de\",\"@id\":\"https:\/\/noeliebroglie.ch\/#\/schema\/person\/image\/\",\"url\":\"https:\/\/noeliebroglie.ch\/wp-content\/uploads\/2021\/03\/0Logo-nb-couleurs-sans-bord.jpeg\",\"contentUrl\":\"https:\/\/noeliebroglie.ch\/wp-content\/uploads\/2021\/03\/0Logo-nb-couleurs-sans-bord.jpeg\",\"width\":653,\"height\":661,\"caption\":\"No\u00e9lie Broglie\"},\"logo\":{\"@id\":\"https:\/\/noeliebroglie.ch\/#\/schema\/person\/image\/\"},\"sameAs\":[\"http:\/\/bl1pragmeq.preview.infomaniak.website\"]}]}<\/script>\n<!-- \/ Yoast SEO plugin. -->","yoast_head_json":{"title":"Carte ombres et lumi\u00e8re 6 - noeliebroglie.ch","robots":{"index":"index","follow":"follow","max-snippet":"max-snippet:-1","max-image-preview":"max-image-preview:large","max-video-preview":"max-video-preview:-1"},"canonical":"https:\/\/noeliebroglie.ch\/de\/produkt\/carte-ombres-et-lumiere-6\/","og_locale":"de_DE","og_type":"article","og_title":"Carte ombres et lumi\u00e8re 6 - noeliebroglie.ch","og_description":"Dimension: 15x10 cm Papier: Hahnem\u00fchle Photo Rag 308 gsm.","og_url":"https:\/\/noeliebroglie.ch\/de\/produkt\/carte-ombres-et-lumiere-6\/","og_site_name":"noeliebroglie.ch","article_modified_time":"2023-04-13T09:40:23+00:00","og_image":[{"width":1771,"height":1181,"url":"https:\/\/noeliebroglie.ch\/wp-content\/uploads\/2021\/10\/Carte-ombres-et-lumie\u0300re6.jpg","type":"image\/jpeg"}],"twitter_card":"summary_large_image","twitter_misc":{"Gesch\u00e4tzte Lesezeit":"1\u00a0Minute"},"schema":{"@context":"https:\/\/schema.org","@graph":[{"@type":"WebPage","@id":"https:\/\/noeliebroglie.ch\/produit\/carte-ombres-et-lumiere-6\/","url":"https:\/\/noeliebroglie.ch\/produit\/carte-ombres-et-lumiere-6\/","name":"Carte ombres et lumi\u00e8re 6 - noeliebroglie.ch","isPartOf":{"@id":"https:\/\/noeliebroglie.ch\/#website"},"primaryImageOfPage":{"@id":"https:\/\/noeliebroglie.ch\/produit\/carte-ombres-et-lumiere-6\/#primaryimage"},"image":{"@id":"https:\/\/noeliebroglie.ch\/produit\/carte-ombres-et-lumiere-6\/#primaryimage"},"thumbnailUrl":"https:\/\/noeliebroglie.ch\/wp-content\/uploads\/2021\/10\/Carte-ombres-et-lumie\u0300re6.jpg","datePublished":"2021-10-06T12:25:12+00:00","dateModified":"2023-04-13T09:40:23+00:00","breadcrumb":{"@id":"https:\/\/noeliebroglie.ch\/produit\/carte-ombres-et-lumiere-6\/#breadcrumb"},"inLanguage":"de","potentialAction":[{"@type":"ReadAction","target":["https:\/\/noeliebroglie.ch\/produit\/carte-ombres-et-lumiere-6\/"]}]},{"@type":"ImageObject","inLanguage":"de","@id":"https:\/\/noeliebroglie.ch\/produit\/carte-ombres-et-lumiere-6\/#primaryimage","url":"https:\/\/noeliebroglie.ch\/wp-content\/uploads\/2021\/10\/Carte-ombres-et-lumie\u0300re6.jpg","contentUrl":"https:\/\/noeliebroglie.ch\/wp-content\/uploads\/2021\/10\/Carte-ombres-et-lumie\u0300re6.jpg","width":1771,"height":1181},{"@type":"BreadcrumbList","@id":"https:\/\/noeliebroglie.ch\/produit\/carte-ombres-et-lumiere-6\/#breadcrumb","itemListElement":[{"@type":"ListItem","position":1,"name":"Accueil","item":"https:\/\/noeliebroglie.ch\/"},{"@type":"ListItem","position":2,"name":"Boutique","item":"https:\/\/noeliebroglie.ch\/boutique\/"},{"@type":"ListItem","position":3,"name":"Carte ombres et lumi\u00e8re 6"}]},{"@type":"WebSite","@id":"https:\/\/noeliebroglie.ch\/#website","url":"https:\/\/noeliebroglie.ch\/","name":"noeliebroglie.ch","description":"","publisher":{"@id":"https:\/\/noeliebroglie.ch\/#\/schema\/person\/45ea2673345ef104556f33cfdbe8788d"},"potentialAction":[{"@type":"SearchAction","target":{"@type":"EntryPoint","urlTemplate":"https:\/\/noeliebroglie.ch\/?s={search_term_string}"},"query-input":{"@type":"PropertyValueSpecification","valueRequired":true,"valueName":"search_term_string"}}],"inLanguage":"de"},{"@type":["Person","Organization"],"@id":"https:\/\/noeliebroglie.ch\/#\/schema\/person\/45ea2673345ef104556f33cfdbe8788d","name":"No\u00e9lie Broglie","image":{"@type":"ImageObject","inLanguage":"de","@id":"https:\/\/noeliebroglie.ch\/#\/schema\/person\/image\/","url":"https:\/\/noeliebroglie.ch\/wp-content\/uploads\/2021\/03\/0Logo-nb-couleurs-sans-bord.jpeg","contentUrl":"https:\/\/noeliebroglie.ch\/wp-content\/uploads\/2021\/03\/0Logo-nb-couleurs-sans-bord.jpeg","width":653,"height":661,"caption":"No\u00e9lie Broglie"},"logo":{"@id":"https:\/\/noeliebroglie.ch\/#\/schema\/person\/image\/"},"sameAs":["http:\/\/bl1pragmeq.preview.infomaniak.website"]}]}},"_links":{"self":[{"href":"https:\/\/noeliebroglie.ch\/de\/wp-json\/wp\/v2\/product\/3053","targetHints":{"allow":["GET"]}}],"collection":[{"href":"https:\/\/noeliebroglie.ch\/de\/wp-json\/wp\/v2\/product"}],"about":[{"href":"https:\/\/noeliebroglie.ch\/de\/wp-json\/wp\/v2\/types\/product"}],"wp:featuredmedia":[{"embeddable":true,"href":"https:\/\/noeliebroglie.ch\/de\/wp-json\/wp\/v2\/media\/3039"}],"wp:attachment":[{"href":"https:\/\/noeliebroglie.ch\/de\/wp-json\/wp\/v2\/media?parent=3053"}],"wp:term":[{"taxonomy":"product_brand","embeddable":true,"href":"https:\/\/noeliebroglie.ch\/de\/wp-json\/wp\/v2\/product_brand?post=3053"},{"taxonomy":"product_cat","embeddable":true,"href":"https:\/\/noeliebroglie.ch\/de\/wp-json\/wp\/v2\/product_cat?post=3053"},{"taxonomy":"product_tag","embeddable":true,"href":"https:\/\/noeliebroglie.ch\/de\/wp-json\/wp\/v2\/product_tag?post=3053"}],"curies":[{"name":"wp","href":"https:\/\/api.w.org\/{rel}","templated":true}]}}