{"id":5941,"date":"2022-05-13T16:34:58","date_gmt":"2022-05-13T14:34:58","guid":{"rendered":"https:\/\/noeliebroglie.ch\/?post_type=product&#038;p=5941"},"modified":"2022-06-15T18:27:57","modified_gmt":"2022-06-15T16:27:57","slug":"botschaft-der-blauen-koniginnen","status":"publish","type":"product","link":"https:\/\/noeliebroglie.ch\/de\/produkt\/botschaft-der-blauen-koniginnen\/","title":{"rendered":"Botschaft der blauen K\u00f6niginnen"},"content":{"rendered":"<p>Tableau r\u00e9alis\u00e9 avec de la peinture acrylique. Le cercle a \u00e9t\u00e9 cr\u00e9\u00e9 en appliquant du mastic recouvert par la suite de poudre de fer, puis rouill\u00e9 \u00e0 l&rsquo;aide d&rsquo;un m\u00e9lange d&rsquo;acide ac\u00e9tique, de sel et d&rsquo;eau. Une part du cercle a \u00e9t\u00e9 repeinte avec de la peinture acrylique. Des petits morceaux de bois ronds sur lesquels un peu de papier d&rsquo;or a \u00e9t\u00e9 coll\u00e9 donnent du relief au tableau. De la peinture couleur or a \u00e9t\u00e9 utilis\u00e9e pour faire le tour des personnages et des rondelles de bois.<\/p>\n<p>Dimensionen: 40\u00d7120 cm<br \/>\nGewicht: 1.2 kg<\/p>\n<p><em>Traduction du titre: Message des Reines bleues<\/em><\/p>","protected":false},"excerpt":{"rendered":"<p>Mit Acrylfarbe, Gold und Rost hergestelltes Bild.<br \/>\nDimensionen: 40\u00d7120 cm<\/p>","protected":false},"featured_media":5943,"template":"","meta":{"_et_pb_use_builder":"","_et_pb_old_content":"","_et_gb_content_width":""},"product_brand":[],"product_cat":[50,48],"product_tag":[],"class_list":{"0":"post-5941","1":"product","2":"type-product","3":"status-publish","4":"has-post-thumbnail","6":"product_cat-rouille","7":"product_cat-tableaux","9":"first","10":"instock","11":"sold-individually","12":"shipping-taxable","13":"purchasable","14":"product-type-simple"},"yoast_head":"<!-- This site is optimized with the Yoast SEO plugin v27.4 - https:\/\/yoast.com\/product\/yoast-seo-wordpress\/ -->\n<title>Botschaft der blauen K\u00f6niginnen - noeliebroglie.ch<\/title>\n<meta name=\"robots\" content=\"index, follow, max-snippet:-1, max-image-preview:large, max-video-preview:-1\" \/>\n<link rel=\"canonical\" href=\"https:\/\/noeliebroglie.ch\/de\/produkt\/botschaft-der-blauen-koniginnen\/\" \/>\n<meta property=\"og:locale\" content=\"de_DE\" \/>\n<meta property=\"og:type\" content=\"article\" \/>\n<meta property=\"og:title\" content=\"Botschaft der blauen K\u00f6niginnen - noeliebroglie.ch\" \/>\n<meta property=\"og:description\" content=\"Tableau r\u00e9alis\u00e9 avec de la rouille, de l&#039;or et de la peinture acrylique. Dimensions: 40x120 cm\" \/>\n<meta property=\"og:url\" content=\"https:\/\/noeliebroglie.ch\/de\/produkt\/botschaft-der-blauen-koniginnen\/\" \/>\n<meta property=\"og:site_name\" content=\"noeliebroglie.ch\" \/>\n<meta property=\"article:modified_time\" content=\"2022-06-15T16:27:57+00:00\" \/>\n<meta property=\"og:image\" content=\"https:\/\/noeliebroglie.ch\/wp-content\/uploads\/2022\/05\/Botschaft-der-blauen-Ko\u0308niginnen-1-scaled.jpg\" \/>\n\t<meta property=\"og:image:width\" content=\"2048\" \/>\n\t<meta property=\"og:image:height\" content=\"2560\" \/>\n\t<meta property=\"og:image:type\" content=\"image\/jpeg\" \/>\n<meta name=\"twitter:card\" content=\"summary_large_image\" \/>\n<meta name=\"twitter:label1\" content=\"Gesch\u00e4tzte Lesezeit\" \/>\n\t<meta name=\"twitter:data1\" content=\"1\u00a0Minute\" \/>\n<script type=\"application\/ld+json\" class=\"yoast-schema-graph\">{\"@context\":\"https:\\\/\\\/schema.org\",\"@graph\":[{\"@type\":\"WebPage\",\"@id\":\"https:\\\/\\\/noeliebroglie.ch\\\/produit\\\/botschaft-der-blauen-koniginnen\\\/\",\"url\":\"https:\\\/\\\/noeliebroglie.ch\\\/produit\\\/botschaft-der-blauen-koniginnen\\\/\",\"name\":\"Botschaft der blauen K\u00f6niginnen - noeliebroglie.ch\",\"isPartOf\":{\"@id\":\"https:\\\/\\\/noeliebroglie.ch\\\/#website\"},\"primaryImageOfPage\":{\"@id\":\"https:\\\/\\\/noeliebroglie.ch\\\/produit\\\/botschaft-der-blauen-koniginnen\\\/#primaryimage\"},\"image\":{\"@id\":\"https:\\\/\\\/noeliebroglie.ch\\\/produit\\\/botschaft-der-blauen-koniginnen\\\/#primaryimage\"},\"thumbnailUrl\":\"https:\\\/\\\/noeliebroglie.ch\\\/wp-content\\\/uploads\\\/2022\\\/05\\\/Botschaft-der-blauen-Ko\u0308niginnen-1-scaled.jpg\",\"datePublished\":\"2022-05-13T14:34:58+00:00\",\"dateModified\":\"2022-06-15T16:27:57+00:00\",\"breadcrumb\":{\"@id\":\"https:\\\/\\\/noeliebroglie.ch\\\/produit\\\/botschaft-der-blauen-koniginnen\\\/#breadcrumb\"},\"inLanguage\":\"de\",\"potentialAction\":[{\"@type\":\"ReadAction\",\"target\":[\"https:\\\/\\\/noeliebroglie.ch\\\/produit\\\/botschaft-der-blauen-koniginnen\\\/\"]}]},{\"@type\":\"ImageObject\",\"inLanguage\":\"de\",\"@id\":\"https:\\\/\\\/noeliebroglie.ch\\\/produit\\\/botschaft-der-blauen-koniginnen\\\/#primaryimage\",\"url\":\"https:\\\/\\\/noeliebroglie.ch\\\/wp-content\\\/uploads\\\/2022\\\/05\\\/Botschaft-der-blauen-Ko\u0308niginnen-1-scaled.jpg\",\"contentUrl\":\"https:\\\/\\\/noeliebroglie.ch\\\/wp-content\\\/uploads\\\/2022\\\/05\\\/Botschaft-der-blauen-Ko\u0308niginnen-1-scaled.jpg\",\"width\":2048,\"height\":2560},{\"@type\":\"BreadcrumbList\",\"@id\":\"https:\\\/\\\/noeliebroglie.ch\\\/produit\\\/botschaft-der-blauen-koniginnen\\\/#breadcrumb\",\"itemListElement\":[{\"@type\":\"ListItem\",\"position\":1,\"name\":\"Accueil\",\"item\":\"https:\\\/\\\/noeliebroglie.ch\\\/\"},{\"@type\":\"ListItem\",\"position\":2,\"name\":\"Boutique\",\"item\":\"https:\\\/\\\/noeliebroglie.ch\\\/boutique\\\/\"},{\"@type\":\"ListItem\",\"position\":3,\"name\":\"Botschaft der blauen K\u00f6niginnen\"}]},{\"@type\":\"WebSite\",\"@id\":\"https:\\\/\\\/noeliebroglie.ch\\\/#website\",\"url\":\"https:\\\/\\\/noeliebroglie.ch\\\/\",\"name\":\"noeliebroglie.ch\",\"description\":\"\",\"publisher\":{\"@id\":\"https:\\\/\\\/noeliebroglie.ch\\\/#\\\/schema\\\/person\\\/45ea2673345ef104556f33cfdbe8788d\"},\"potentialAction\":[{\"@type\":\"SearchAction\",\"target\":{\"@type\":\"EntryPoint\",\"urlTemplate\":\"https:\\\/\\\/noeliebroglie.ch\\\/?s={search_term_string}\"},\"query-input\":{\"@type\":\"PropertyValueSpecification\",\"valueRequired\":true,\"valueName\":\"search_term_string\"}}],\"inLanguage\":\"de\"},{\"@type\":[\"Person\",\"Organization\"],\"@id\":\"https:\\\/\\\/noeliebroglie.ch\\\/#\\\/schema\\\/person\\\/45ea2673345ef104556f33cfdbe8788d\",\"name\":\"No\u00e9lie Broglie\",\"image\":{\"@type\":\"ImageObject\",\"inLanguage\":\"de\",\"@id\":\"https:\\\/\\\/noeliebroglie.ch\\\/wp-content\\\/uploads\\\/2021\\\/03\\\/0Logo-nb-couleurs-sans-bord.jpeg\",\"url\":\"https:\\\/\\\/noeliebroglie.ch\\\/wp-content\\\/uploads\\\/2021\\\/03\\\/0Logo-nb-couleurs-sans-bord.jpeg\",\"contentUrl\":\"https:\\\/\\\/noeliebroglie.ch\\\/wp-content\\\/uploads\\\/2021\\\/03\\\/0Logo-nb-couleurs-sans-bord.jpeg\",\"width\":653,\"height\":661,\"caption\":\"No\u00e9lie Broglie\"},\"logo\":{\"@id\":\"https:\\\/\\\/noeliebroglie.ch\\\/wp-content\\\/uploads\\\/2021\\\/03\\\/0Logo-nb-couleurs-sans-bord.jpeg\"},\"sameAs\":[\"http:\\\/\\\/bl1pragmeq.preview.infomaniak.website\"]}]}<\/script>\n<!-- \/ Yoast SEO plugin. -->","yoast_head_json":{"title":"Botschaft der blauen K\u00f6niginnen - noeliebroglie.ch","robots":{"index":"index","follow":"follow","max-snippet":"max-snippet:-1","max-image-preview":"max-image-preview:large","max-video-preview":"max-video-preview:-1"},"canonical":"https:\/\/noeliebroglie.ch\/de\/produkt\/botschaft-der-blauen-koniginnen\/","og_locale":"de_DE","og_type":"article","og_title":"Botschaft der blauen K\u00f6niginnen - noeliebroglie.ch","og_description":"Tableau r\u00e9alis\u00e9 avec de la rouille, de l'or et de la peinture acrylique. Dimensions: 40x120 cm","og_url":"https:\/\/noeliebroglie.ch\/de\/produkt\/botschaft-der-blauen-koniginnen\/","og_site_name":"noeliebroglie.ch","article_modified_time":"2022-06-15T16:27:57+00:00","og_image":[{"width":2048,"height":2560,"url":"https:\/\/noeliebroglie.ch\/wp-content\/uploads\/2022\/05\/Botschaft-der-blauen-Ko\u0308niginnen-1-scaled.jpg","type":"image\/jpeg"}],"twitter_card":"summary_large_image","twitter_misc":{"Gesch\u00e4tzte Lesezeit":"1\u00a0Minute"},"schema":{"@context":"https:\/\/schema.org","@graph":[{"@type":"WebPage","@id":"https:\/\/noeliebroglie.ch\/produit\/botschaft-der-blauen-koniginnen\/","url":"https:\/\/noeliebroglie.ch\/produit\/botschaft-der-blauen-koniginnen\/","name":"Botschaft der blauen K\u00f6niginnen - noeliebroglie.ch","isPartOf":{"@id":"https:\/\/noeliebroglie.ch\/#website"},"primaryImageOfPage":{"@id":"https:\/\/noeliebroglie.ch\/produit\/botschaft-der-blauen-koniginnen\/#primaryimage"},"image":{"@id":"https:\/\/noeliebroglie.ch\/produit\/botschaft-der-blauen-koniginnen\/#primaryimage"},"thumbnailUrl":"https:\/\/noeliebroglie.ch\/wp-content\/uploads\/2022\/05\/Botschaft-der-blauen-Ko\u0308niginnen-1-scaled.jpg","datePublished":"2022-05-13T14:34:58+00:00","dateModified":"2022-06-15T16:27:57+00:00","breadcrumb":{"@id":"https:\/\/noeliebroglie.ch\/produit\/botschaft-der-blauen-koniginnen\/#breadcrumb"},"inLanguage":"de","potentialAction":[{"@type":"ReadAction","target":["https:\/\/noeliebroglie.ch\/produit\/botschaft-der-blauen-koniginnen\/"]}]},{"@type":"ImageObject","inLanguage":"de","@id":"https:\/\/noeliebroglie.ch\/produit\/botschaft-der-blauen-koniginnen\/#primaryimage","url":"https:\/\/noeliebroglie.ch\/wp-content\/uploads\/2022\/05\/Botschaft-der-blauen-Ko\u0308niginnen-1-scaled.jpg","contentUrl":"https:\/\/noeliebroglie.ch\/wp-content\/uploads\/2022\/05\/Botschaft-der-blauen-Ko\u0308niginnen-1-scaled.jpg","width":2048,"height":2560},{"@type":"BreadcrumbList","@id":"https:\/\/noeliebroglie.ch\/produit\/botschaft-der-blauen-koniginnen\/#breadcrumb","itemListElement":[{"@type":"ListItem","position":1,"name":"Accueil","item":"https:\/\/noeliebroglie.ch\/"},{"@type":"ListItem","position":2,"name":"Boutique","item":"https:\/\/noeliebroglie.ch\/boutique\/"},{"@type":"ListItem","position":3,"name":"Botschaft der blauen K\u00f6niginnen"}]},{"@type":"WebSite","@id":"https:\/\/noeliebroglie.ch\/#website","url":"https:\/\/noeliebroglie.ch\/","name":"noeliebroglie.ch","description":"","publisher":{"@id":"https:\/\/noeliebroglie.ch\/#\/schema\/person\/45ea2673345ef104556f33cfdbe8788d"},"potentialAction":[{"@type":"SearchAction","target":{"@type":"EntryPoint","urlTemplate":"https:\/\/noeliebroglie.ch\/?s={search_term_string}"},"query-input":{"@type":"PropertyValueSpecification","valueRequired":true,"valueName":"search_term_string"}}],"inLanguage":"de"},{"@type":["Person","Organization"],"@id":"https:\/\/noeliebroglie.ch\/#\/schema\/person\/45ea2673345ef104556f33cfdbe8788d","name":"No\u00e9lie Broglie","image":{"@type":"ImageObject","inLanguage":"de","@id":"https:\/\/noeliebroglie.ch\/wp-content\/uploads\/2021\/03\/0Logo-nb-couleurs-sans-bord.jpeg","url":"https:\/\/noeliebroglie.ch\/wp-content\/uploads\/2021\/03\/0Logo-nb-couleurs-sans-bord.jpeg","contentUrl":"https:\/\/noeliebroglie.ch\/wp-content\/uploads\/2021\/03\/0Logo-nb-couleurs-sans-bord.jpeg","width":653,"height":661,"caption":"No\u00e9lie Broglie"},"logo":{"@id":"https:\/\/noeliebroglie.ch\/wp-content\/uploads\/2021\/03\/0Logo-nb-couleurs-sans-bord.jpeg"},"sameAs":["http:\/\/bl1pragmeq.preview.infomaniak.website"]}]}},"_links":{"self":[{"href":"https:\/\/noeliebroglie.ch\/de\/wp-json\/wp\/v2\/product\/5941","targetHints":{"allow":["GET"]}}],"collection":[{"href":"https:\/\/noeliebroglie.ch\/de\/wp-json\/wp\/v2\/product"}],"about":[{"href":"https:\/\/noeliebroglie.ch\/de\/wp-json\/wp\/v2\/types\/product"}],"wp:featuredmedia":[{"embeddable":true,"href":"https:\/\/noeliebroglie.ch\/de\/wp-json\/wp\/v2\/media\/5943"}],"wp:attachment":[{"href":"https:\/\/noeliebroglie.ch\/de\/wp-json\/wp\/v2\/media?parent=5941"}],"wp:term":[{"taxonomy":"product_brand","embeddable":true,"href":"https:\/\/noeliebroglie.ch\/de\/wp-json\/wp\/v2\/product_brand?post=5941"},{"taxonomy":"product_cat","embeddable":true,"href":"https:\/\/noeliebroglie.ch\/de\/wp-json\/wp\/v2\/product_cat?post=5941"},{"taxonomy":"product_tag","embeddable":true,"href":"https:\/\/noeliebroglie.ch\/de\/wp-json\/wp\/v2\/product_tag?post=5941"}],"curies":[{"name":"wp","href":"https:\/\/api.w.org\/{rel}","templated":true}]}}