{"id":5942,"date":"2022-05-13T16:51:11","date_gmt":"2022-05-13T14:51:11","guid":{"rendered":"https:\/\/noeliebroglie.ch\/?post_type=product&#038;p=5942"},"modified":"2022-06-01T15:50:59","modified_gmt":"2022-06-01T13:50:59","slug":"ne-nu-phare","status":"publish","type":"product","link":"https:\/\/noeliebroglie.ch\/de\/produkt\/ne-nu-phare\/","title":{"rendered":"N\u00e9-nu-phare"},"content":{"rendered":"<p>Ein Bild, bei dem die Blume mit Pigmenten bestreut und der Rest der Leinwand mit Acrylfarbe bemalt wurde. F\u00fcr den letzten Schliff wurde schwarze Kohle verwendet.<\/p>\n<p>Dimensionen: 50\u00d740 cm<br \/>\nGewicht: 0.4 kg<\/p>\n<p><em>Titel w\u00f6rtlich \u00fcbersetzt: Geboren-Nackt-Leuchtturm (N\u00e9nuphar = Seerose)<\/em><\/p>","protected":false},"excerpt":{"rendered":"<p class=\"western\">Mit Pigmenten und Acrylfarbe hergestelltes Bild.<br \/>\nDimensionen: 50\u00d740 cm<\/p>","protected":false},"featured_media":5935,"template":"","meta":{"_et_pb_use_builder":"","_et_pb_old_content":"","_et_gb_content_width":""},"product_brand":[],"product_cat":[52,48],"product_tag":[],"class_list":{"0":"post-5942","1":"product","2":"type-product","3":"status-publish","4":"has-post-thumbnail","6":"product_cat-autres","7":"product_cat-tableaux","9":"first","10":"instock","11":"sold-individually","12":"shipping-taxable","13":"purchasable","14":"product-type-simple"},"yoast_head":"<!-- This site is optimized with the Yoast SEO plugin v27.4 - https:\/\/yoast.com\/product\/yoast-seo-wordpress\/ -->\n<title>N\u00e9-nu-phare - noeliebroglie.ch<\/title>\n<meta name=\"robots\" content=\"index, follow, max-snippet:-1, max-image-preview:large, max-video-preview:-1\" \/>\n<link rel=\"canonical\" href=\"https:\/\/noeliebroglie.ch\/de\/produkt\/ne-nu-phare\/\" \/>\n<meta property=\"og:locale\" content=\"de_DE\" \/>\n<meta property=\"og:type\" content=\"article\" \/>\n<meta property=\"og:title\" content=\"N\u00e9-nu-phare - noeliebroglie.ch\" \/>\n<meta property=\"og:description\" content=\"Tableau r\u00e9alis\u00e9 avec des pigments et de la peinture acrylique. Dimensions: 50x40 cm\" \/>\n<meta property=\"og:url\" content=\"https:\/\/noeliebroglie.ch\/de\/produkt\/ne-nu-phare\/\" \/>\n<meta property=\"og:site_name\" content=\"noeliebroglie.ch\" \/>\n<meta property=\"article:modified_time\" content=\"2022-06-01T13:50:59+00:00\" \/>\n<meta property=\"og:image\" content=\"https:\/\/noeliebroglie.ch\/wp-content\/uploads\/2022\/05\/Ne\u0301-nu-phare-1-scaled.jpg\" \/>\n\t<meta property=\"og:image:width\" content=\"2560\" \/>\n\t<meta property=\"og:image:height\" content=\"2048\" \/>\n\t<meta property=\"og:image:type\" content=\"image\/jpeg\" \/>\n<meta name=\"twitter:card\" content=\"summary_large_image\" \/>\n<meta name=\"twitter:label1\" content=\"Gesch\u00e4tzte Lesezeit\" \/>\n\t<meta name=\"twitter:data1\" content=\"1\u00a0Minute\" \/>\n<script type=\"application\/ld+json\" class=\"yoast-schema-graph\">{\"@context\":\"https:\\\/\\\/schema.org\",\"@graph\":[{\"@type\":\"WebPage\",\"@id\":\"https:\\\/\\\/noeliebroglie.ch\\\/produit\\\/ne-nu-phare\\\/\",\"url\":\"https:\\\/\\\/noeliebroglie.ch\\\/produit\\\/ne-nu-phare\\\/\",\"name\":\"N\u00e9-nu-phare - noeliebroglie.ch\",\"isPartOf\":{\"@id\":\"https:\\\/\\\/noeliebroglie.ch\\\/#website\"},\"primaryImageOfPage\":{\"@id\":\"https:\\\/\\\/noeliebroglie.ch\\\/produit\\\/ne-nu-phare\\\/#primaryimage\"},\"image\":{\"@id\":\"https:\\\/\\\/noeliebroglie.ch\\\/produit\\\/ne-nu-phare\\\/#primaryimage\"},\"thumbnailUrl\":\"https:\\\/\\\/noeliebroglie.ch\\\/wp-content\\\/uploads\\\/2022\\\/05\\\/Ne\u0301-nu-phare-1-scaled.jpg\",\"datePublished\":\"2022-05-13T14:51:11+00:00\",\"dateModified\":\"2022-06-01T13:50:59+00:00\",\"breadcrumb\":{\"@id\":\"https:\\\/\\\/noeliebroglie.ch\\\/produit\\\/ne-nu-phare\\\/#breadcrumb\"},\"inLanguage\":\"de\",\"potentialAction\":[{\"@type\":\"ReadAction\",\"target\":[\"https:\\\/\\\/noeliebroglie.ch\\\/produit\\\/ne-nu-phare\\\/\"]}]},{\"@type\":\"ImageObject\",\"inLanguage\":\"de\",\"@id\":\"https:\\\/\\\/noeliebroglie.ch\\\/produit\\\/ne-nu-phare\\\/#primaryimage\",\"url\":\"https:\\\/\\\/noeliebroglie.ch\\\/wp-content\\\/uploads\\\/2022\\\/05\\\/Ne\u0301-nu-phare-1-scaled.jpg\",\"contentUrl\":\"https:\\\/\\\/noeliebroglie.ch\\\/wp-content\\\/uploads\\\/2022\\\/05\\\/Ne\u0301-nu-phare-1-scaled.jpg\",\"width\":2560,\"height\":2048},{\"@type\":\"BreadcrumbList\",\"@id\":\"https:\\\/\\\/noeliebroglie.ch\\\/produit\\\/ne-nu-phare\\\/#breadcrumb\",\"itemListElement\":[{\"@type\":\"ListItem\",\"position\":1,\"name\":\"Accueil\",\"item\":\"https:\\\/\\\/noeliebroglie.ch\\\/\"},{\"@type\":\"ListItem\",\"position\":2,\"name\":\"Boutique\",\"item\":\"https:\\\/\\\/noeliebroglie.ch\\\/boutique\\\/\"},{\"@type\":\"ListItem\",\"position\":3,\"name\":\"N\u00e9-nu-phare\"}]},{\"@type\":\"WebSite\",\"@id\":\"https:\\\/\\\/noeliebroglie.ch\\\/#website\",\"url\":\"https:\\\/\\\/noeliebroglie.ch\\\/\",\"name\":\"noeliebroglie.ch\",\"description\":\"\",\"publisher\":{\"@id\":\"https:\\\/\\\/noeliebroglie.ch\\\/#\\\/schema\\\/person\\\/45ea2673345ef104556f33cfdbe8788d\"},\"potentialAction\":[{\"@type\":\"SearchAction\",\"target\":{\"@type\":\"EntryPoint\",\"urlTemplate\":\"https:\\\/\\\/noeliebroglie.ch\\\/?s={search_term_string}\"},\"query-input\":{\"@type\":\"PropertyValueSpecification\",\"valueRequired\":true,\"valueName\":\"search_term_string\"}}],\"inLanguage\":\"de\"},{\"@type\":[\"Person\",\"Organization\"],\"@id\":\"https:\\\/\\\/noeliebroglie.ch\\\/#\\\/schema\\\/person\\\/45ea2673345ef104556f33cfdbe8788d\",\"name\":\"No\u00e9lie Broglie\",\"image\":{\"@type\":\"ImageObject\",\"inLanguage\":\"de\",\"@id\":\"https:\\\/\\\/noeliebroglie.ch\\\/wp-content\\\/uploads\\\/2021\\\/03\\\/0Logo-nb-couleurs-sans-bord.jpeg\",\"url\":\"https:\\\/\\\/noeliebroglie.ch\\\/wp-content\\\/uploads\\\/2021\\\/03\\\/0Logo-nb-couleurs-sans-bord.jpeg\",\"contentUrl\":\"https:\\\/\\\/noeliebroglie.ch\\\/wp-content\\\/uploads\\\/2021\\\/03\\\/0Logo-nb-couleurs-sans-bord.jpeg\",\"width\":653,\"height\":661,\"caption\":\"No\u00e9lie Broglie\"},\"logo\":{\"@id\":\"https:\\\/\\\/noeliebroglie.ch\\\/wp-content\\\/uploads\\\/2021\\\/03\\\/0Logo-nb-couleurs-sans-bord.jpeg\"},\"sameAs\":[\"http:\\\/\\\/bl1pragmeq.preview.infomaniak.website\"]}]}<\/script>\n<!-- \/ Yoast SEO plugin. -->","yoast_head_json":{"title":"N\u00e9-nu-phare - noeliebroglie.ch","robots":{"index":"index","follow":"follow","max-snippet":"max-snippet:-1","max-image-preview":"max-image-preview:large","max-video-preview":"max-video-preview:-1"},"canonical":"https:\/\/noeliebroglie.ch\/de\/produkt\/ne-nu-phare\/","og_locale":"de_DE","og_type":"article","og_title":"N\u00e9-nu-phare - noeliebroglie.ch","og_description":"Tableau r\u00e9alis\u00e9 avec des pigments et de la peinture acrylique. Dimensions: 50x40 cm","og_url":"https:\/\/noeliebroglie.ch\/de\/produkt\/ne-nu-phare\/","og_site_name":"noeliebroglie.ch","article_modified_time":"2022-06-01T13:50:59+00:00","og_image":[{"width":2560,"height":2048,"url":"https:\/\/noeliebroglie.ch\/wp-content\/uploads\/2022\/05\/Ne\u0301-nu-phare-1-scaled.jpg","type":"image\/jpeg"}],"twitter_card":"summary_large_image","twitter_misc":{"Gesch\u00e4tzte Lesezeit":"1\u00a0Minute"},"schema":{"@context":"https:\/\/schema.org","@graph":[{"@type":"WebPage","@id":"https:\/\/noeliebroglie.ch\/produit\/ne-nu-phare\/","url":"https:\/\/noeliebroglie.ch\/produit\/ne-nu-phare\/","name":"N\u00e9-nu-phare - noeliebroglie.ch","isPartOf":{"@id":"https:\/\/noeliebroglie.ch\/#website"},"primaryImageOfPage":{"@id":"https:\/\/noeliebroglie.ch\/produit\/ne-nu-phare\/#primaryimage"},"image":{"@id":"https:\/\/noeliebroglie.ch\/produit\/ne-nu-phare\/#primaryimage"},"thumbnailUrl":"https:\/\/noeliebroglie.ch\/wp-content\/uploads\/2022\/05\/Ne\u0301-nu-phare-1-scaled.jpg","datePublished":"2022-05-13T14:51:11+00:00","dateModified":"2022-06-01T13:50:59+00:00","breadcrumb":{"@id":"https:\/\/noeliebroglie.ch\/produit\/ne-nu-phare\/#breadcrumb"},"inLanguage":"de","potentialAction":[{"@type":"ReadAction","target":["https:\/\/noeliebroglie.ch\/produit\/ne-nu-phare\/"]}]},{"@type":"ImageObject","inLanguage":"de","@id":"https:\/\/noeliebroglie.ch\/produit\/ne-nu-phare\/#primaryimage","url":"https:\/\/noeliebroglie.ch\/wp-content\/uploads\/2022\/05\/Ne\u0301-nu-phare-1-scaled.jpg","contentUrl":"https:\/\/noeliebroglie.ch\/wp-content\/uploads\/2022\/05\/Ne\u0301-nu-phare-1-scaled.jpg","width":2560,"height":2048},{"@type":"BreadcrumbList","@id":"https:\/\/noeliebroglie.ch\/produit\/ne-nu-phare\/#breadcrumb","itemListElement":[{"@type":"ListItem","position":1,"name":"Accueil","item":"https:\/\/noeliebroglie.ch\/"},{"@type":"ListItem","position":2,"name":"Boutique","item":"https:\/\/noeliebroglie.ch\/boutique\/"},{"@type":"ListItem","position":3,"name":"N\u00e9-nu-phare"}]},{"@type":"WebSite","@id":"https:\/\/noeliebroglie.ch\/#website","url":"https:\/\/noeliebroglie.ch\/","name":"noeliebroglie.ch","description":"","publisher":{"@id":"https:\/\/noeliebroglie.ch\/#\/schema\/person\/45ea2673345ef104556f33cfdbe8788d"},"potentialAction":[{"@type":"SearchAction","target":{"@type":"EntryPoint","urlTemplate":"https:\/\/noeliebroglie.ch\/?s={search_term_string}"},"query-input":{"@type":"PropertyValueSpecification","valueRequired":true,"valueName":"search_term_string"}}],"inLanguage":"de"},{"@type":["Person","Organization"],"@id":"https:\/\/noeliebroglie.ch\/#\/schema\/person\/45ea2673345ef104556f33cfdbe8788d","name":"No\u00e9lie Broglie","image":{"@type":"ImageObject","inLanguage":"de","@id":"https:\/\/noeliebroglie.ch\/wp-content\/uploads\/2021\/03\/0Logo-nb-couleurs-sans-bord.jpeg","url":"https:\/\/noeliebroglie.ch\/wp-content\/uploads\/2021\/03\/0Logo-nb-couleurs-sans-bord.jpeg","contentUrl":"https:\/\/noeliebroglie.ch\/wp-content\/uploads\/2021\/03\/0Logo-nb-couleurs-sans-bord.jpeg","width":653,"height":661,"caption":"No\u00e9lie Broglie"},"logo":{"@id":"https:\/\/noeliebroglie.ch\/wp-content\/uploads\/2021\/03\/0Logo-nb-couleurs-sans-bord.jpeg"},"sameAs":["http:\/\/bl1pragmeq.preview.infomaniak.website"]}]}},"_links":{"self":[{"href":"https:\/\/noeliebroglie.ch\/de\/wp-json\/wp\/v2\/product\/5942","targetHints":{"allow":["GET"]}}],"collection":[{"href":"https:\/\/noeliebroglie.ch\/de\/wp-json\/wp\/v2\/product"}],"about":[{"href":"https:\/\/noeliebroglie.ch\/de\/wp-json\/wp\/v2\/types\/product"}],"wp:featuredmedia":[{"embeddable":true,"href":"https:\/\/noeliebroglie.ch\/de\/wp-json\/wp\/v2\/media\/5935"}],"wp:attachment":[{"href":"https:\/\/noeliebroglie.ch\/de\/wp-json\/wp\/v2\/media?parent=5942"}],"wp:term":[{"taxonomy":"product_brand","embeddable":true,"href":"https:\/\/noeliebroglie.ch\/de\/wp-json\/wp\/v2\/product_brand?post=5942"},{"taxonomy":"product_cat","embeddable":true,"href":"https:\/\/noeliebroglie.ch\/de\/wp-json\/wp\/v2\/product_cat?post=5942"},{"taxonomy":"product_tag","embeddable":true,"href":"https:\/\/noeliebroglie.ch\/de\/wp-json\/wp\/v2\/product_tag?post=5942"}],"curies":[{"name":"wp","href":"https:\/\/api.w.org\/{rel}","templated":true}]}}